{"id":355026,"date":"2024-10-31T18:14:26","date_gmt":"2024-10-31T17:14:26","guid":{"rendered":"https:\/\/www.arclite-shop.de\/produkt\/850-996352021\/"},"modified":"2026-04-16T15:55:04","modified_gmt":"2026-04-16T13:55:04","slug":"850-996352021","status":"publish","type":"product","link":"https:\/\/www.arclite-shop.de\/en\/produkt\/850-996352021\/","title":{"rendered":"EASYLINE Spot Reflector, fixed - Designer luminaire unit for continuous rooflight system white 7W  20\u00b0 3000K CRI80 850-996352021"},"content":{"rendered":"<p>LED Moduleinsatz mit starren Spots. Gleichm\u00e4\u00dfige Lichtverteilung. Schnelle und unkomplizierte Montage. Farbtoleranz 3 SDCM. Lichtstromr\u00fcckgang nach 50.000h L80\/B10. Integriertes, nicht dimmbares Betriebsger\u00e4t. 5 Jahre Garantie. <\/p>\n","protected":false},"excerpt":{"rendered":"<p>LED Moduleinsatz mit starren Spots. Gleichm\u00e4\u00dfige Lichtverteilung. Schnelle und unkomplizierte Montage. Farbtoleranz 3 SDCM. Lichtstromr\u00fcckgang nach 50.000h L80\/B10. Integriertes, nicht dimmbares Betriebsger\u00e4t. 5 Jahre Garantie.<\/p>\n","protected":false},"featured_media":364026,"template":"","meta":[],"product_brand":[],"product_cat":[86612],"product_tag":[],"class_list":{"0":"post-355026","1":"product","2":"type-product","3":"status-publish","4":"has-post-thumbnail","6":"product_cat-designer-leuchten","8":"first","9":"instock","10":"taxable","11":"shipping-taxable","12":"product-type-simple"},"_links":{"self":[{"href":"https:\/\/www.arclite-shop.de\/en\/wp-json\/wp\/v2\/product\/355026","targetHints":{"allow":["GET"]}}],"collection":[{"href":"https:\/\/www.arclite-shop.de\/en\/wp-json\/wp\/v2\/product"}],"about":[{"href":"https:\/\/www.arclite-shop.de\/en\/wp-json\/wp\/v2\/types\/product"}],"wp:featuredmedia":[{"embeddable":true,"href":"https:\/\/www.arclite-shop.de\/en\/wp-json\/wp\/v2\/media\/364026"}],"wp:attachment":[{"href":"https:\/\/www.arclite-shop.de\/en\/wp-json\/wp\/v2\/media?parent=355026"}],"wp:term":[{"taxonomy":"product_brand","embeddable":true,"href":"https:\/\/www.arclite-shop.de\/en\/wp-json\/wp\/v2\/product_brand?post=355026"},{"taxonomy":"product_cat","embeddable":true,"href":"https:\/\/www.arclite-shop.de\/en\/wp-json\/wp\/v2\/product_cat?post=355026"},{"taxonomy":"product_tag","embeddable":true,"href":"https:\/\/www.arclite-shop.de\/en\/wp-json\/wp\/v2\/product_tag?post=355026"}],"curies":[{"name":"wp","href":"https:\/\/api.w.org\/{rel}","templated":true}]}}