{"id":354858,"date":"2024-10-31T18:12:12","date_gmt":"2024-10-31T17:12:12","guid":{"rendered":"https:\/\/www.arclite-shop.de\/produkt\/850-807361\/"},"modified":"2026-04-16T16:19:17","modified_gmt":"2026-04-16T14:19:17","slug":"850-807361","status":"publish","type":"product","link":"https:\/\/www.arclite-shop.de\/en\/produkt\/850-807361\/","title":{"rendered":"KLIO 180 - Designer lighting white 850-807361"},"content":{"rendered":"<p>Leuchten mit spezieller gebogener Form und kleinen Abmessungen. Ausf\u00fchrung mit Fassung E27. Geh\u00e4use aus Aluminium. Standardausf\u00fchrung: innen wei\u00df. Aluminiumgeh\u00e4use, pulverbeschichtet, f\u00fcr Aufbau- Pendelmontage. Anschlusskabel mit Baldachin separat bestellen. 5 Jahre Garantie. Sonderfarben f\u00fcr innen und au\u00dfen auf Anfrage. Anschlusskabel mit Baldachin separat bestellen. Deckenbaldachin in Sonderfarben auf Anfrage. <\/p>\n","protected":false},"excerpt":{"rendered":"<p>Leuchten mit spezieller gebogener Form und kleinen Abmessungen. Ausf\u00fchrung mit Fassung E27. Geh\u00e4use aus Aluminium. Standardausf\u00fchrung: innen wei\u00df. Aluminiumgeh\u00e4use, pulverbeschichtet, f\u00fcr Aufbau- Pendelmontage. Anschlusskabel mit Baldachin separat bestellen. 5 Jahre Garantie. Sonderfarben f\u00fcr innen und au\u00dfen auf Anfrage. Anschlusskabel mit<span class=\"excerpt-hellip\"> [\u2026]<\/span><\/p>\n","protected":false},"featured_media":364128,"template":"","meta":[],"product_brand":[],"product_cat":[86612],"product_tag":[],"class_list":{"0":"post-354858","1":"product","2":"type-product","3":"status-publish","4":"has-post-thumbnail","6":"product_cat-designer-leuchten","8":"first","9":"instock","10":"taxable","11":"shipping-taxable","12":"product-type-simple"},"_links":{"self":[{"href":"https:\/\/www.arclite-shop.de\/en\/wp-json\/wp\/v2\/product\/354858","targetHints":{"allow":["GET"]}}],"collection":[{"href":"https:\/\/www.arclite-shop.de\/en\/wp-json\/wp\/v2\/product"}],"about":[{"href":"https:\/\/www.arclite-shop.de\/en\/wp-json\/wp\/v2\/types\/product"}],"wp:featuredmedia":[{"embeddable":true,"href":"https:\/\/www.arclite-shop.de\/en\/wp-json\/wp\/v2\/media\/364128"}],"wp:attachment":[{"href":"https:\/\/www.arclite-shop.de\/en\/wp-json\/wp\/v2\/media?parent=354858"}],"wp:term":[{"taxonomy":"product_brand","embeddable":true,"href":"https:\/\/www.arclite-shop.de\/en\/wp-json\/wp\/v2\/product_brand?post=354858"},{"taxonomy":"product_cat","embeddable":true,"href":"https:\/\/www.arclite-shop.de\/en\/wp-json\/wp\/v2\/product_cat?post=354858"},{"taxonomy":"product_tag","embeddable":true,"href":"https:\/\/www.arclite-shop.de\/en\/wp-json\/wp\/v2\/product_tag?post=354858"}],"curies":[{"name":"wp","href":"https:\/\/api.w.org\/{rel}","templated":true}]}}