{"id":354581,"date":"2024-10-31T18:08:34","date_gmt":"2024-10-31T17:08:34","guid":{"rendered":"https:\/\/www.arclite-shop.de\/produkt\/881-aa82693-00-92\/"},"modified":"2026-04-16T17:01:04","modified_gmt":"2026-04-16T15:01:04","slug":"881-aa82693-00-92","status":"publish","type":"product","link":"https:\/\/www.arclite-shop.de\/en\/produkt\/881-aa82693-00-92\/","title":{"rendered":"linetrackCENTURY 2 - Track spotlight linear white  20W 90\u00b0 4000K CRI90 881-AA82693.00.92"},"content":{"rendered":"<p>Hochwertige 3-Ph-Linearleuchte. Einfache und schnelle Montage\u00a0. Verschiebbare Positionen f\u00fcr das LED Betriebsger\u00e4t. Lichtstromr\u00fcckgang nach 50.000h L90\/B50. \u201cin-trac\u201d 3-Phasen Adapter mit integriertem Betriebsger\u00e4t, nicht dimmbar. W\u00e4hlbare Leistung. Universeller Schienenadapter. 5 Jahre Garantie. Einstellbare Leistung  14W\/16W\/18W\/20W<\/p>\n","protected":false},"excerpt":{"rendered":"<p>Hochwertige 3-Ph-Linearleuchte. Einfache und schnelle Montage\u00a0. Verschiebbare Positionen f\u00fcr das LED Betriebsger\u00e4t. Lichtstromr\u00fcckgang nach 50.000h L90\/B50. \u201cin-trac\u201d 3-Phasen Adapter mit integriertem Betriebsger\u00e4t, nicht dimmbar. W\u00e4hlbare Leistung. Universeller Schienenadapter. 5 Jahre Garantie. Einstellbare Leistung 14W\/16W\/18W\/20W<\/p>\n","protected":false},"featured_media":364394,"template":"","meta":[],"product_brand":[],"product_cat":[86138],"product_tag":[],"class_list":{"0":"post-354581","1":"product","2":"type-product","3":"status-publish","4":"has-post-thumbnail","6":"product_cat-schienenstrahler-linear","8":"first","9":"instock","10":"taxable","11":"shipping-taxable","12":"product-type-simple"},"_links":{"self":[{"href":"https:\/\/www.arclite-shop.de\/en\/wp-json\/wp\/v2\/product\/354581","targetHints":{"allow":["GET"]}}],"collection":[{"href":"https:\/\/www.arclite-shop.de\/en\/wp-json\/wp\/v2\/product"}],"about":[{"href":"https:\/\/www.arclite-shop.de\/en\/wp-json\/wp\/v2\/types\/product"}],"wp:featuredmedia":[{"embeddable":true,"href":"https:\/\/www.arclite-shop.de\/en\/wp-json\/wp\/v2\/media\/364394"}],"wp:attachment":[{"href":"https:\/\/www.arclite-shop.de\/en\/wp-json\/wp\/v2\/media?parent=354581"}],"wp:term":[{"taxonomy":"product_brand","embeddable":true,"href":"https:\/\/www.arclite-shop.de\/en\/wp-json\/wp\/v2\/product_brand?post=354581"},{"taxonomy":"product_cat","embeddable":true,"href":"https:\/\/www.arclite-shop.de\/en\/wp-json\/wp\/v2\/product_cat?post=354581"},{"taxonomy":"product_tag","embeddable":true,"href":"https:\/\/www.arclite-shop.de\/en\/wp-json\/wp\/v2\/product_tag?post=354581"}],"curies":[{"name":"wp","href":"https:\/\/api.w.org\/{rel}","templated":true}]}}