{"id":354561,"date":"2024-10-31T18:08:19","date_gmt":"2024-10-31T17:08:19","guid":{"rendered":"https:\/\/www.arclite-shop.de\/produkt\/847-f42a03725a02\/"},"modified":"2026-04-16T17:05:20","modified_gmt":"2026-04-16T15:05:20","slug":"847-f42a03725a02","status":"publish","type":"product","link":"https:\/\/www.arclite-shop.de\/en\/produkt\/847-f42a03725a02\/","title":{"rendered":"Fido WL 105 HV - Phase Cut-off Surface-mounted luminaires rigid matt black\/black 10W   40\u00b0 2700K CRI93 847-F42A03725A02"},"content":{"rendered":"<p>Architektonisch markante LED Wandanbauleuchte f\u00fcr anspruchsvolle Lichteffekte in Fluren, Lounges, Empfangsbereichen. Gleichm\u00e4\u00dfige Ausleuchtung durch Linse, Reflektor oder Diffusor. Farbtoleranz 3 SDCM. Lichtstromr\u00fcckgang nach 70.000h L80\/B50. Interner Chip f\u00fcr reduziertes Flickern. 220-240V Netzspannung &#8211; Betriebsger\u00e4t nicht notwendig. Dimmbar mittels Phasenan- und Phasenabschnittsdimmer. 7 Jahre Garantie. Netto 800lm<\/p>\n","protected":false},"excerpt":{"rendered":"<p>Architektonisch markante LED Wandanbauleuchte f\u00fcr anspruchsvolle Lichteffekte in Fluren, Lounges, Empfangsbereichen. Gleichm\u00e4\u00dfige Ausleuchtung durch Linse, Reflektor oder Diffusor. Farbtoleranz 3 SDCM. Lichtstromr\u00fcckgang nach 70.000h L80\/B50. Interner Chip f\u00fcr reduziertes Flickern. 220-240V Netzspannung &#8211; Betriebsger\u00e4t nicht notwendig. Dimmbar mittels Phasenan- und<span class=\"excerpt-hellip\"> [\u2026]<\/span><\/p>\n","protected":false},"featured_media":364404,"template":"","meta":[],"product_brand":[],"product_cat":[86609],"product_tag":[],"class_list":{"0":"post-354561","1":"product","2":"type-product","3":"status-publish","4":"has-post-thumbnail","6":"product_cat-aufbauleuchten-illuxtron","8":"first","9":"instock","10":"taxable","11":"shipping-taxable","12":"product-type-simple"},"_links":{"self":[{"href":"https:\/\/www.arclite-shop.de\/en\/wp-json\/wp\/v2\/product\/354561","targetHints":{"allow":["GET"]}}],"collection":[{"href":"https:\/\/www.arclite-shop.de\/en\/wp-json\/wp\/v2\/product"}],"about":[{"href":"https:\/\/www.arclite-shop.de\/en\/wp-json\/wp\/v2\/types\/product"}],"wp:featuredmedia":[{"embeddable":true,"href":"https:\/\/www.arclite-shop.de\/en\/wp-json\/wp\/v2\/media\/364404"}],"wp:attachment":[{"href":"https:\/\/www.arclite-shop.de\/en\/wp-json\/wp\/v2\/media?parent=354561"}],"wp:term":[{"taxonomy":"product_brand","embeddable":true,"href":"https:\/\/www.arclite-shop.de\/en\/wp-json\/wp\/v2\/product_brand?post=354561"},{"taxonomy":"product_cat","embeddable":true,"href":"https:\/\/www.arclite-shop.de\/en\/wp-json\/wp\/v2\/product_cat?post=354561"},{"taxonomy":"product_tag","embeddable":true,"href":"https:\/\/www.arclite-shop.de\/en\/wp-json\/wp\/v2\/product_tag?post=354561"}],"curies":[{"name":"wp","href":"https:\/\/api.w.org\/{rel}","templated":true}]}}