{"id":353921,"date":"2024-10-31T18:00:06","date_gmt":"2024-10-31T17:00:06","guid":{"rendered":"https:\/\/www.arclite-shop.de\/produkt\/847-855h03644g02\/"},"modified":"2026-03-07T19:11:39","modified_gmt":"2026-03-07T18:11:39","slug":"847-855h03644g02","status":"publish","type":"product","link":"https:\/\/www.arclite-shop.de\/en\/produkt\/847-855h03644g02\/","title":{"rendered":"Strada 90 LV adj - Phase Cut. Round recessed luminaires swivel white\/copper 14W 80\u00b0 4000K CRI97 847-855H03644G02 "},"content":{"rendered":"<p>LED Einbauleuchte f\u00fcr dekorative Beleuchtung. 8 Kombinationen f\u00fcr Geh\u00e4use und Reflektorring. Gleichm\u00e4\u00dfige Ausleuchtung durch Linse, Reflektor oder Diffusor. Geh\u00e4use aus Druckguss-Aluminium, mit CS Federn. Drehbereich 350\u00b0. Schwenkbereich 30\u00b0. Farbtoleranz 3 SDCM. Lichtstromr\u00fcckgang L90\/B10 nach mehr als 60.000h bei ta 25\u00b0C. Schutzart IP44 f\u00fcr geschlossene Deckensysteme. 7 Jahre Garantie. <\/p>\n","protected":false},"excerpt":{"rendered":"<p>LED Einbauleuchte f\u00fcr dekorative Beleuchtung. 8 Kombinationen f\u00fcr Geh\u00e4use und Reflektorring. Gleichm\u00e4\u00dfige Ausleuchtung durch Linse, Reflektor oder Diffusor. Geh\u00e4use aus Druckguss-Aluminium, mit CS Federn. Drehbereich 350\u00b0. Schwenkbereich 30\u00b0. Farbtoleranz 3 SDCM. Lichtstromr\u00fcckgang L90\/B10 nach mehr als 60.000h bei ta 25\u00b0C.<span class=\"excerpt-hellip\"> [\u2026]<\/span><\/p>\n","protected":false},"featured_media":364682,"template":"","meta":[],"product_brand":[],"product_cat":[86599],"product_tag":[],"class_list":{"0":"post-353921","1":"product","2":"type-product","3":"status-publish","4":"has-post-thumbnail","6":"product_cat-runde-einbauleuchten-schwenkbar-illuxtron","8":"first","9":"instock","10":"taxable","11":"shipping-taxable","12":"product-type-simple"},"_links":{"self":[{"href":"https:\/\/www.arclite-shop.de\/en\/wp-json\/wp\/v2\/product\/353921","targetHints":{"allow":["GET"]}}],"collection":[{"href":"https:\/\/www.arclite-shop.de\/en\/wp-json\/wp\/v2\/product"}],"about":[{"href":"https:\/\/www.arclite-shop.de\/en\/wp-json\/wp\/v2\/types\/product"}],"wp:featuredmedia":[{"embeddable":true,"href":"https:\/\/www.arclite-shop.de\/en\/wp-json\/wp\/v2\/media\/364682"}],"wp:attachment":[{"href":"https:\/\/www.arclite-shop.de\/en\/wp-json\/wp\/v2\/media?parent=353921"}],"wp:term":[{"taxonomy":"product_brand","embeddable":true,"href":"https:\/\/www.arclite-shop.de\/en\/wp-json\/wp\/v2\/product_brand?post=353921"},{"taxonomy":"product_cat","embeddable":true,"href":"https:\/\/www.arclite-shop.de\/en\/wp-json\/wp\/v2\/product_cat?post=353921"},{"taxonomy":"product_tag","embeddable":true,"href":"https:\/\/www.arclite-shop.de\/en\/wp-json\/wp\/v2\/product_tag?post=353921"}],"curies":[{"name":"wp","href":"https:\/\/api.w.org\/{rel}","templated":true}]}}