{"id":352728,"date":"2024-10-31T17:45:02","date_gmt":"2024-10-31T16:45:02","guid":{"rendered":"https:\/\/www.arclite-shop.de\/produkt\/847-805f03bl4f02\/"},"modified":"2026-04-16T22:47:27","modified_gmt":"2026-04-16T20:47:27","slug":"847-805f03bl4f02","status":"publish","type":"product","link":"https:\/\/www.arclite-shop.de\/en\/produkt\/847-805f03bl4f02\/","title":{"rendered":"Fluxe 90 LV adj - BLE Round Recessed Lights Swivel Black 14W 60\u00b0 1800-3000K CRI97 847-805F03BL4F02"},"content":{"rendered":"<p>LED Einbauleuchte f\u00fcr dekorative Beleuchtung. Gleichm\u00e4\u00dfige Ausleuchtung durch Linse, Reflektor oder Diffusor. Drehbereich 350\u00b0. Schwenkbereich 30\u00b0. Geh\u00e4use aus Druckguss-Aluminium, mit CS Federn. Farbtoleranz 3 SDCM. Lichtstromr\u00fcckgang L90\/B10 nach mehr als 60.000h bei ta 25\u00b0C. Schutzart IP65 f\u00fcr geschlossene Deckensysteme. 7 Jahre Garantie. <\/p>\n","protected":false},"excerpt":{"rendered":"<p>LED Einbauleuchte f\u00fcr dekorative Beleuchtung. Gleichm\u00e4\u00dfige Ausleuchtung durch Linse, Reflektor oder Diffusor. Drehbereich 350\u00b0. Schwenkbereich 30\u00b0. Geh\u00e4use aus Druckguss-Aluminium, mit CS Federn. Farbtoleranz 3 SDCM. Lichtstromr\u00fcckgang L90\/B10 nach mehr als 60.000h bei ta 25\u00b0C. Schutzart IP65 f\u00fcr geschlossene Deckensysteme. 7<span class=\"excerpt-hellip\"> [\u2026]<\/span><\/p>\n","protected":false},"featured_media":364804,"template":"","meta":[],"product_brand":[],"product_cat":[86599],"product_tag":[],"class_list":{"0":"post-352728","1":"product","2":"type-product","3":"status-publish","4":"has-post-thumbnail","6":"product_cat-runde-einbauleuchten-schwenkbar-illuxtron","8":"first","9":"instock","10":"taxable","11":"shipping-taxable","12":"product-type-simple"},"_links":{"self":[{"href":"https:\/\/www.arclite-shop.de\/en\/wp-json\/wp\/v2\/product\/352728","targetHints":{"allow":["GET"]}}],"collection":[{"href":"https:\/\/www.arclite-shop.de\/en\/wp-json\/wp\/v2\/product"}],"about":[{"href":"https:\/\/www.arclite-shop.de\/en\/wp-json\/wp\/v2\/types\/product"}],"wp:featuredmedia":[{"embeddable":true,"href":"https:\/\/www.arclite-shop.de\/en\/wp-json\/wp\/v2\/media\/364804"}],"wp:attachment":[{"href":"https:\/\/www.arclite-shop.de\/en\/wp-json\/wp\/v2\/media?parent=352728"}],"wp:term":[{"taxonomy":"product_brand","embeddable":true,"href":"https:\/\/www.arclite-shop.de\/en\/wp-json\/wp\/v2\/product_brand?post=352728"},{"taxonomy":"product_cat","embeddable":true,"href":"https:\/\/www.arclite-shop.de\/en\/wp-json\/wp\/v2\/product_cat?post=352728"},{"taxonomy":"product_tag","embeddable":true,"href":"https:\/\/www.arclite-shop.de\/en\/wp-json\/wp\/v2\/product_tag?post=352728"}],"curies":[{"name":"wp","href":"https:\/\/api.w.org\/{rel}","templated":true}]}}