{"id":352277,"date":"2024-10-31T17:39:36","date_gmt":"2024-10-31T16:39:36","guid":{"rendered":"https:\/\/www.arclite-shop.de\/produkt\/717-c06w90840he-33wip44-2\/"},"modified":"2026-04-16T23:59:13","modified_gmt":"2026-04-16T21:59:13","slug":"717-c06w90840he-33wip44-2","status":"publish","type":"product","link":"https:\/\/www.arclite-shop.de\/en\/produkt\/717-c06w90840he-33wip44-2\/","title":{"rendered":"SNEP MODE C - Industrial luminaires linear aluminum anodized.  33W 90\u00b0 4000K CRI85 717-C06W90840HE-33WIP44-2"},"content":{"rendered":"<p>Anspruchsvolle Indoor LED Linearleuchte f\u00fcr Retail, Industrie, Logistik und Gewerbebauten. Montage direkt an der Decke oder mit Seilabh\u00e4ngung. Rahmen aus Aluminiumprofil pulverbeschichtet. Endkappen aus best\u00e4ndigem und nicht brennbarem Polykarbonat mit Brandklasse V-0. Dichtung aus hochwertigem Silikon. 2m PVC-Kabel 3&#215;1,5mm\u00b2 mit offenen Kabelenden. Geeignet f\u00fcr Umgebungstemperatur -25\u00b0C bis +40\u00b0C. Lichtstromr\u00fcckgang nach 100.000h L80\/B50 bei ta 25\u00b0C. Integriertes, nicht dimmbares Betriebsger\u00e4t. Zubeh\u00f6r f\u00fcr Pendelmontage separat bestellen. 5 Jahre Garantie. Netto 5650lm<\/p>\n","protected":false},"excerpt":{"rendered":"<p>Anspruchsvolle Indoor LED Linearleuchte f\u00fcr Retail, Industrie, Logistik und Gewerbebauten. Montage direkt an der Decke oder mit Seilabh\u00e4ngung. Rahmen aus Aluminiumprofil pulverbeschichtet. Endkappen aus best\u00e4ndigem und nicht brennbarem Polykarbonat mit Brandklasse V-0. Dichtung aus hochwertigem Silikon. 2m PVC-Kabel 3&#215;1,5mm\u00b2 mit<span class=\"excerpt-hellip\"> [\u2026]<\/span><\/p>\n","protected":false},"featured_media":261920,"template":"","meta":[],"product_brand":[],"product_cat":[86238],"product_tag":[],"class_list":{"0":"post-352277","1":"product","2":"type-product","3":"status-publish","4":"has-post-thumbnail","6":"product_cat-industrieleuchten","8":"first","9":"instock","10":"taxable","11":"shipping-taxable","12":"product-type-simple"},"_links":{"self":[{"href":"https:\/\/www.arclite-shop.de\/en\/wp-json\/wp\/v2\/product\/352277","targetHints":{"allow":["GET"]}}],"collection":[{"href":"https:\/\/www.arclite-shop.de\/en\/wp-json\/wp\/v2\/product"}],"about":[{"href":"https:\/\/www.arclite-shop.de\/en\/wp-json\/wp\/v2\/types\/product"}],"wp:featuredmedia":[{"embeddable":true,"href":"https:\/\/www.arclite-shop.de\/en\/wp-json\/wp\/v2\/media\/261920"}],"wp:attachment":[{"href":"https:\/\/www.arclite-shop.de\/en\/wp-json\/wp\/v2\/media?parent=352277"}],"wp:term":[{"taxonomy":"product_brand","embeddable":true,"href":"https:\/\/www.arclite-shop.de\/en\/wp-json\/wp\/v2\/product_brand?post=352277"},{"taxonomy":"product_cat","embeddable":true,"href":"https:\/\/www.arclite-shop.de\/en\/wp-json\/wp\/v2\/product_cat?post=352277"},{"taxonomy":"product_tag","embeddable":true,"href":"https:\/\/www.arclite-shop.de\/en\/wp-json\/wp\/v2\/product_tag?post=352277"}],"curies":[{"name":"wp","href":"https:\/\/api.w.org\/{rel}","templated":true}]}}