{"id":351862,"date":"2024-10-31T14:33:03","date_gmt":"2024-10-31T13:33:03","guid":{"rendered":"https:\/\/www.arclite-shop.de\/produkt\/02-4099854070365\/"},"modified":"2026-04-17T00:14:43","modified_gmt":"2026-04-16T22:14:43","slug":"02-4099854070365","status":"publish","type":"product","link":"https:\/\/www.arclite-shop.de\/en\/produkt\/02-4099854070365\/","title":{"rendered":"LED MR11 P 2.5W 827 GU4"},"content":{"rendered":"<p>Niedervolt-LED-Reflektorlampen MR11 mit Retrofit-Stecksockel. Produkteigenschaften: LED-Alternative zu Niedervolthalogenlampen. Hohe Farbkonsistenz: \u2264 6 SDCM (Schwellwerteinheit). Nicht dimmbar. Sockel: GU4. Lampe aus Glas. Gute Lichtqualit\u00e4t; Farbwiedergabeindex R a : \u2265 80. Lebensdauer: bis zu 15.000 h. Produktvorteile: Einfacher, schneller und sicherer Lampenaustausch ohne Umverdrahtung. Design, Abmessungen, Lichtstrom vergleichbar mit einer Gl\u00fch- oder Halogenlampe. Geringer Wartungsaufwand durch lange Lebensdauer. Keine UV- und IR-nahen Anteile im Lichtstrahl. Kompatibel mit vielen handels\u00fcblichen elektronischen Vorschaltger\u00e4ten (siehe auch Kompatibilit\u00e4tsliste ). Sofort 100 % Licht, keine Aufw\u00e4rmzeit. Anwendungsgebiete: Verkaufs- und Ausstellungsr\u00e4ume. Anwendungen im Haushalt. Anwendung im Gewerbe. Akzentbeleuchtung. Einsatz im Au\u00dfenbereich nur in geeigneten Au\u00dfenleuchten.<\/p>\n","protected":false},"excerpt":{"rendered":"<p>Niedervolt-LED-Reflektorlampen MR11 mit Retrofit-Stecksockel. Produkteigenschaften: LED-Alternative zu Niedervolthalogenlampen. Hohe Farbkonsistenz: \u2264 6 SDCM (Schwellwerteinheit). Nicht dimmbar. Sockel: GU4. Lampe aus Glas. Gute Lichtqualit\u00e4t; Farbwiedergabeindex R a : \u2265 80. Lebensdauer: bis zu 15.000 h. Produktvorteile: Einfacher, schneller und sicherer Lampenaustausch<span class=\"excerpt-hellip\"> [\u2026]<\/span><\/p>\n","protected":false},"featured_media":279551,"template":"","meta":[],"product_brand":[],"product_cat":[87060],"product_tag":[],"class_list":{"0":"post-351862","1":"product","2":"type-product","3":"status-publish","4":"has-post-thumbnail","6":"product_cat-led-lampe-multi-led","8":"first","9":"outofstock","10":"taxable","11":"shipping-taxable","12":"product-type-simple"},"_links":{"self":[{"href":"https:\/\/www.arclite-shop.de\/en\/wp-json\/wp\/v2\/product\/351862","targetHints":{"allow":["GET"]}}],"collection":[{"href":"https:\/\/www.arclite-shop.de\/en\/wp-json\/wp\/v2\/product"}],"about":[{"href":"https:\/\/www.arclite-shop.de\/en\/wp-json\/wp\/v2\/types\/product"}],"wp:featuredmedia":[{"embeddable":true,"href":"https:\/\/www.arclite-shop.de\/en\/wp-json\/wp\/v2\/media\/279551"}],"wp:attachment":[{"href":"https:\/\/www.arclite-shop.de\/en\/wp-json\/wp\/v2\/media?parent=351862"}],"wp:term":[{"taxonomy":"product_brand","embeddable":true,"href":"https:\/\/www.arclite-shop.de\/en\/wp-json\/wp\/v2\/product_brand?post=351862"},{"taxonomy":"product_cat","embeddable":true,"href":"https:\/\/www.arclite-shop.de\/en\/wp-json\/wp\/v2\/product_cat?post=351862"},{"taxonomy":"product_tag","embeddable":true,"href":"https:\/\/www.arclite-shop.de\/en\/wp-json\/wp\/v2\/product_tag?post=351862"}],"curies":[{"name":"wp","href":"https:\/\/api.w.org\/{rel}","templated":true}]}}