{"id":351785,"date":"2024-10-31T14:32:07","date_gmt":"2024-10-31T13:32:07","guid":{"rendered":"https:\/\/www.arclite-shop.de\/produkt\/02-4099854065552\/"},"modified":"2026-04-17T00:32:35","modified_gmt":"2026-04-16T22:32:35","slug":"02-4099854065552","status":"publish","type":"product","link":"https:\/\/www.arclite-shop.de\/en\/produkt\/02-4099854065552\/","title":{"rendered":"LED CLASSIC P DIM P 5.5W 827 FIL FR E14"},"content":{"rendered":"<p>Dimmbare LED-Lampen, klassische Miniballform. Produkteigenschaften: Professionelle LED-Lampen f\u00fcr Netzspannung. Dimmbar. Lebensdauer: bis zu 15.000 h. Ausstrahlungswinkel: bis zu 300\u00b0. Lampe aus Glas. Gute Farbwiedergabe (R a \u2265 80) und Farbstabilit\u00e4t \u00fcber die gesamte Lampenlebensdauer. Produktvorteile: Design, Abmessungen, Lichtstrom vergleichbar mit einer Gl\u00fchlampe. Sehr geringer Energieverbrauch. Unempfindlich gegen\u00fcber Ersch\u00fctterungen. Lampen mit innovativer LED-&#8220;Filament&#8221;-Technologie. Sofort 100 % Licht, keine Aufw\u00e4rmzeit. Einfacher Austausch von Standardgl\u00fchlampen. Anwendungsgebiete: Ideal f\u00fcr dekorative Einbauten. Anwendungen im Haushalt. Allgemeinbeleuchtung. Einsatz im Au\u00dfenbereich nur in geeigneten Au\u00dfenleuchten.<\/p>\n","protected":false},"excerpt":{"rendered":"<p>Dimmbare LED-Lampen, klassische Miniballform. Produkteigenschaften: Professionelle LED-Lampen f\u00fcr Netzspannung. Dimmbar. Lebensdauer: bis zu 15.000 h. Ausstrahlungswinkel: bis zu 300\u00b0. Lampe aus Glas. Gute Farbwiedergabe (R a \u2265 80) und Farbstabilit\u00e4t \u00fcber die gesamte Lampenlebensdauer. Produktvorteile: Design, Abmessungen, Lichtstrom vergleichbar mit<span class=\"excerpt-hellip\"> [\u2026]<\/span><\/p>\n","protected":false},"featured_media":365049,"template":"","meta":[],"product_brand":[],"product_cat":[87060],"product_tag":[],"class_list":{"0":"post-351785","1":"product","2":"type-product","3":"status-publish","4":"has-post-thumbnail","6":"product_cat-led-lampe-multi-led","8":"first","9":"instock","10":"taxable","11":"shipping-taxable","12":"product-type-simple"},"_links":{"self":[{"href":"https:\/\/www.arclite-shop.de\/en\/wp-json\/wp\/v2\/product\/351785","targetHints":{"allow":["GET"]}}],"collection":[{"href":"https:\/\/www.arclite-shop.de\/en\/wp-json\/wp\/v2\/product"}],"about":[{"href":"https:\/\/www.arclite-shop.de\/en\/wp-json\/wp\/v2\/types\/product"}],"wp:featuredmedia":[{"embeddable":true,"href":"https:\/\/www.arclite-shop.de\/en\/wp-json\/wp\/v2\/media\/365049"}],"wp:attachment":[{"href":"https:\/\/www.arclite-shop.de\/en\/wp-json\/wp\/v2\/media?parent=351785"}],"wp:term":[{"taxonomy":"product_brand","embeddable":true,"href":"https:\/\/www.arclite-shop.de\/en\/wp-json\/wp\/v2\/product_brand?post=351785"},{"taxonomy":"product_cat","embeddable":true,"href":"https:\/\/www.arclite-shop.de\/en\/wp-json\/wp\/v2\/product_cat?post=351785"},{"taxonomy":"product_tag","embeddable":true,"href":"https:\/\/www.arclite-shop.de\/en\/wp-json\/wp\/v2\/product_tag?post=351785"}],"curies":[{"name":"wp","href":"https:\/\/api.w.org\/{rel}","templated":true}]}}