{"id":351773,"date":"2024-10-31T14:31:57","date_gmt":"2024-10-31T13:31:57","guid":{"rendered":"https:\/\/www.arclite-shop.de\/produkt\/02-4099854064845\/"},"modified":"2026-04-17T00:34:43","modified_gmt":"2026-04-16T22:34:43","slug":"02-4099854064845","status":"publish","type":"product","link":"https:\/\/www.arclite-shop.de\/en\/produkt\/02-4099854064845\/","title":{"rendered":"LED PIN G9 P 4.8 W 840 CL G9"},"content":{"rendered":"<p>LED-Lampen mit Retrofit-Stecksockel G9. Produkteigenschaften: LED-Alternative zu konventionellen Hochvoltlampen. Gute Lichtqualit\u00e4t; Farbwiedergabeindex R a : \u2265 80; konstanter Farbort. Produktvorteile: Gute Rundum-Lichtausstrahlung. Lange Lebensdauer von bis zu 15.000 h. Vier Jahre Garantie. Anwendungsgebiete: F\u00fcr stimmungsvolle Lichtakzente in Wohnr\u00e4umen und Partykellern. Shops, Hotels und Gastronomie. Einsatz im Au\u00dfenbereich nur in geeigneten Au\u00dfenleuchten.<\/p>\n","protected":false},"excerpt":{"rendered":"<p>LED-Lampen mit Retrofit-Stecksockel G9. Produkteigenschaften: LED-Alternative zu konventionellen Hochvoltlampen. Gute Lichtqualit\u00e4t; Farbwiedergabeindex R a : \u2265 80; konstanter Farbort. Produktvorteile: Gute Rundum-Lichtausstrahlung. Lange Lebensdauer von bis zu 15.000 h. Vier Jahre Garantie. Anwendungsgebiete: F\u00fcr stimmungsvolle Lichtakzente in Wohnr\u00e4umen und Partykellern.<span class=\"excerpt-hellip\"> [\u2026]<\/span><\/p>\n","protected":false},"featured_media":279468,"template":"","meta":[],"product_brand":[],"product_cat":[87060],"product_tag":[],"class_list":{"0":"post-351773","1":"product","2":"type-product","3":"status-publish","4":"has-post-thumbnail","6":"product_cat-led-lampe-multi-led","8":"first","9":"outofstock","10":"taxable","11":"shipping-taxable","12":"product-type-simple"},"_links":{"self":[{"href":"https:\/\/www.arclite-shop.de\/en\/wp-json\/wp\/v2\/product\/351773","targetHints":{"allow":["GET"]}}],"collection":[{"href":"https:\/\/www.arclite-shop.de\/en\/wp-json\/wp\/v2\/product"}],"about":[{"href":"https:\/\/www.arclite-shop.de\/en\/wp-json\/wp\/v2\/types\/product"}],"wp:featuredmedia":[{"embeddable":true,"href":"https:\/\/www.arclite-shop.de\/en\/wp-json\/wp\/v2\/media\/279468"}],"wp:attachment":[{"href":"https:\/\/www.arclite-shop.de\/en\/wp-json\/wp\/v2\/media?parent=351773"}],"wp:term":[{"taxonomy":"product_brand","embeddable":true,"href":"https:\/\/www.arclite-shop.de\/en\/wp-json\/wp\/v2\/product_brand?post=351773"},{"taxonomy":"product_cat","embeddable":true,"href":"https:\/\/www.arclite-shop.de\/en\/wp-json\/wp\/v2\/product_cat?post=351773"},{"taxonomy":"product_tag","embeddable":true,"href":"https:\/\/www.arclite-shop.de\/en\/wp-json\/wp\/v2\/product_tag?post=351773"}],"curies":[{"name":"wp","href":"https:\/\/api.w.org\/{rel}","templated":true}]}}