{"id":351571,"date":"2024-10-31T14:29:28","date_gmt":"2024-10-31T13:29:28","guid":{"rendered":"https:\/\/www.arclite-shop.de\/produkt\/02-4099854044472\/"},"modified":"2026-04-17T01:12:13","modified_gmt":"2026-04-16T23:12:13","slug":"02-4099854044472","status":"publish","type":"product","link":"https:\/\/www.arclite-shop.de\/en\/produkt\/02-4099854044472\/","title":{"rendered":"LED tubes with integrated microwave sensor for electromagnetic ballasts (KVG\/VVG) and mains voltage, splinter protection"},"content":{"rendered":"<p>LED-R\u00f6hren mit integriertem Mikrowellen-Sensor f\u00fcr elektromagnetische Vorschaltger\u00e4te (KVG\/VVG), Splitterschutz. Produkteigenschaften: LED-Ersatz f\u00fcr herk\u00f6mmliche T8-Leuchtstofflampen mit G13 Sockel in KVG Leuchten oder an Netzspannung. Integrierter Bewegungsmelder mit Mikrowellen-Technologie. Automatisches Dimmen auf 20 % Lichtstrom nach 5 Minuten ohne Bewegungserkennung. Automatische Lichtabschaltung 7 Minuten nach der letzten Bewegungserfassung. Mikrowellensensor mit 5,8 GHz. Bewegungserfassung von bis zu 5 m. Flimmerarm nach EU 2019\/2020 (SVM \u22640,4 \/ PstLM \u2264 1). Schutzart: IP20. Quecksilberfrei und RoHS-konform. Produktvorteile: Energieeinsparung bis zu 67 % im Vergleich zur konventionellen Leuchtstofflampe. Dank der Mikrowellentechnologie f\u00fcr geschlossene Leuchten geeignet. Sehr hohe Schaltfestigkeit. Einfacher, schneller und sicherer Tausch einer Leuchtstofflampe ohne Umverdrahtung des KVG. Kein Durchh\u00e4ngen dank Glasr\u00f6hre. Splitterschutz dank spezieller PET-Beschichtung. Unterst\u00fctzen bei der Umsetzung der HACCP-Konzepte von der Produktion bis hin zur Warenpr\u00e4sentation. Auch geeignet f\u00fcr den Betrieb bei niedrigen Temperaturen. Anwendungsgebiete: Allgemeinbeleuchtung in Umgebungstemperaturen von -20\u2026+50\u00b0C. Korridore, Treppen- und Parkh\u00e4user. Lagerh\u00e4user. Flure und G\u00e4nge. Logistikbereiche, Verkehrsbauten und Korridore. Technische Ausstattung: Geeignet f\u00fcr den Betrieb mit verlustarmen und konventionellen Vorschaltger\u00e4ten.<\/p>\n","protected":false},"excerpt":{"rendered":"<p>LED-R\u00f6hren mit integriertem Mikrowellen-Sensor f\u00fcr elektromagnetische Vorschaltger\u00e4te (KVG\/VVG), Splitterschutz. Produkteigenschaften: LED-Ersatz f\u00fcr herk\u00f6mmliche T8-Leuchtstofflampen mit G13 Sockel in KVG Leuchten oder an Netzspannung. Integrierter Bewegungsmelder mit Mikrowellen-Technologie. Automatisches Dimmen auf 20 % Lichtstrom nach 5 Minuten ohne Bewegungserkennung. Automatische Lichtabschaltung<span class=\"excerpt-hellip\"> [\u2026]<\/span><\/p>\n","protected":false},"featured_media":279590,"template":"","meta":[],"product_brand":[],"product_cat":[87060],"product_tag":[],"class_list":{"0":"post-351571","1":"product","2":"type-product","3":"status-publish","4":"has-post-thumbnail","6":"product_cat-led-lampe-multi-led","8":"first","9":"instock","10":"taxable","11":"shipping-taxable","12":"product-type-simple"},"_links":{"self":[{"href":"https:\/\/www.arclite-shop.de\/en\/wp-json\/wp\/v2\/product\/351571","targetHints":{"allow":["GET"]}}],"collection":[{"href":"https:\/\/www.arclite-shop.de\/en\/wp-json\/wp\/v2\/product"}],"about":[{"href":"https:\/\/www.arclite-shop.de\/en\/wp-json\/wp\/v2\/types\/product"}],"wp:featuredmedia":[{"embeddable":true,"href":"https:\/\/www.arclite-shop.de\/en\/wp-json\/wp\/v2\/media\/279590"}],"wp:attachment":[{"href":"https:\/\/www.arclite-shop.de\/en\/wp-json\/wp\/v2\/media?parent=351571"}],"wp:term":[{"taxonomy":"product_brand","embeddable":true,"href":"https:\/\/www.arclite-shop.de\/en\/wp-json\/wp\/v2\/product_brand?post=351571"},{"taxonomy":"product_cat","embeddable":true,"href":"https:\/\/www.arclite-shop.de\/en\/wp-json\/wp\/v2\/product_cat?post=351571"},{"taxonomy":"product_tag","embeddable":true,"href":"https:\/\/www.arclite-shop.de\/en\/wp-json\/wp\/v2\/product_tag?post=351571"}],"curies":[{"name":"wp","href":"https:\/\/api.w.org\/{rel}","templated":true}]}}