{"id":351549,"date":"2024-10-31T14:29:12","date_gmt":"2024-10-31T13:29:12","guid":{"rendered":"https:\/\/www.arclite-shop.de\/produkt\/02-4099854042133\/"},"modified":"2026-04-17T01:25:38","modified_gmt":"2026-04-16T23:25:38","slug":"02-4099854042133","status":"publish","type":"product","link":"https:\/\/www.arclite-shop.de\/en\/produkt\/02-4099854042133\/","title":{"rendered":"Wall and ceiling light with IP44 and Power Select (PS)"},"content":{"rendered":"<p>Wand- und Deckenleuchte mit IP44 und Power Select (PS). Produkteigenschaften: Schutzart: IP44 (Deckenmontage), IP 20 (Wandmontage). Erweiterte Lebensdauer (L70\/B10): bis zu 50.000h (bei 25\u00b0C). Schlagfestigkeit: IK03. Metallgeh\u00e4use, PMMA-Abdeckung. Umgebungstemperaturbereich bei Betrieb: -20\u2026+40 \u00b0C. Einsatz nur im Innenbereich, nicht f\u00fcr den Au\u00dfenbereich geeignet. Produktvorteile: Sehr vielseitig durch eine am Treiber w\u00e4hlbare Wattageneinstellung (Power Select &#8211; PS). Innenleuchte mit hoher Lichtausbeute. Bis zu 55 % Energieersparnis verglichen mit Leuchten, die Kompaktleuchtstofflampen nutzen. Einfache und schnelle Installation. Sehr homogenes Licht. 5 Jahre Garantie. Anwendungsgebiete: Flure. Treppenh\u00e4user. Badezimmer. Eingangsbereiche. Technische Ausstattung: Ersatz-Abdeckung optional erh\u00e4ltlich.<\/p>\n","protected":false},"excerpt":{"rendered":"<p>Wand- und Deckenleuchte mit IP44 und Power Select (PS). Produkteigenschaften: Schutzart: IP44 (Deckenmontage), IP 20 (Wandmontage). Erweiterte Lebensdauer (L70\/B10): bis zu 50.000h (bei 25\u00b0C). Schlagfestigkeit: IK03. Metallgeh\u00e4use, PMMA-Abdeckung. Umgebungstemperaturbereich bei Betrieb: -20\u2026+40 \u00b0C. Einsatz nur im Innenbereich, nicht f\u00fcr den<span class=\"excerpt-hellip\"> [\u2026]<\/span><\/p>\n","protected":false},"featured_media":365440,"template":"","meta":[],"product_brand":[],"product_cat":[87052],"product_tag":[],"class_list":{"0":"post-351549","1":"product","2":"type-product","3":"status-publish","4":"has-post-thumbnail","6":"product_cat-decken-wandleuchte","8":"first","9":"instock","10":"taxable","11":"shipping-taxable","12":"product-type-simple"},"_links":{"self":[{"href":"https:\/\/www.arclite-shop.de\/en\/wp-json\/wp\/v2\/product\/351549","targetHints":{"allow":["GET"]}}],"collection":[{"href":"https:\/\/www.arclite-shop.de\/en\/wp-json\/wp\/v2\/product"}],"about":[{"href":"https:\/\/www.arclite-shop.de\/en\/wp-json\/wp\/v2\/types\/product"}],"wp:featuredmedia":[{"embeddable":true,"href":"https:\/\/www.arclite-shop.de\/en\/wp-json\/wp\/v2\/media\/365440"}],"wp:attachment":[{"href":"https:\/\/www.arclite-shop.de\/en\/wp-json\/wp\/v2\/media?parent=351549"}],"wp:term":[{"taxonomy":"product_brand","embeddable":true,"href":"https:\/\/www.arclite-shop.de\/en\/wp-json\/wp\/v2\/product_brand?post=351549"},{"taxonomy":"product_cat","embeddable":true,"href":"https:\/\/www.arclite-shop.de\/en\/wp-json\/wp\/v2\/product_cat?post=351549"},{"taxonomy":"product_tag","embeddable":true,"href":"https:\/\/www.arclite-shop.de\/en\/wp-json\/wp\/v2\/product_tag?post=351549"}],"curies":[{"name":"wp","href":"https:\/\/api.w.org\/{rel}","templated":true}]}}