{"id":351533,"date":"2024-10-31T14:29:01","date_gmt":"2024-10-31T13:29:01","guid":{"rendered":"https:\/\/www.arclite-shop.de\/produkt\/02-4099854039201\/"},"modified":"2026-04-17T01:32:00","modified_gmt":"2026-04-16T23:32:00","slug":"02-4099854039201","status":"publish","type":"product","link":"https:\/\/www.arclite-shop.de\/en\/produkt\/02-4099854039201\/","title":{"rendered":"Cost-efficient LED tubes for electromagnetic ballasts (KVG\/VVG) and mains voltage"},"content":{"rendered":"<p>Kosteneffiziente LED-R\u00f6hren f\u00fcr elektromagnetische Vorschaltger\u00e4te (KVG\/VVG). Produkteigenschaften: LED-Ersatz f\u00fcr herk\u00f6mmliche T8-Leuchtstofflampen mit G13 Sockel in KVG Leuchten oder an Netzspannung. Flimmerarm nach EU 2019\/2020 (SVM \u22640,4 \/ PstLM \u2264 1). Einzel- und Tandembetrieb an konventionellem Vorschaltger\u00e4t (Versionen \u22640.9 m). R\u00f6hre aus Glas. Quecksilberfrei und RoHS-konform. Homogene Ausleuchtung. Schutzart: IP20. Produktvorteile: Kein Durchh\u00e4ngen dank Glasr\u00f6hre. Energieeinsparung von bis zu 69 % (gegen\u00fcber T8 Leuchtstofflampe). Einfacher, schneller und sicherer Lampenaustausch ohne Umverdrahtung. Volle Helligkeit ohne Aufw\u00e4rmphase, deswegen ideal geeignet in Kombination mit Sensorik. Sehr hohe Schaltfestigkeit. Auch geeignet f\u00fcr den Betrieb bei niedrigen Temperaturen. Anwendungsgebiete: Allgemeinbeleuchtung in Umgebungstemperaturen von -20\u2026+45 \u00b0C. Korridore, Treppen- und Parkh\u00e4user. Industrie. Lagerh\u00e4user. K\u00fchl- und Lagerr\u00e4ume. Anwendungen im Haushalt. Superm\u00e4rkte und Warenh\u00e4user. Technische Ausstattung: Geeignet f\u00fcr den Betrieb mit verlustarmen und konventionellen Vorschaltger\u00e4ten.<\/p>\n","protected":false},"excerpt":{"rendered":"<p>Kosteneffiziente LED-R\u00f6hren f\u00fcr elektromagnetische Vorschaltger\u00e4te (KVG\/VVG). Produkteigenschaften: LED-Ersatz f\u00fcr herk\u00f6mmliche T8-Leuchtstofflampen mit G13 Sockel in KVG Leuchten oder an Netzspannung. Flimmerarm nach EU 2019\/2020 (SVM \u22640,4 \/ PstLM \u2264 1). Einzel- und Tandembetrieb an konventionellem Vorschaltger\u00e4t (Versionen \u22640.9 m). R\u00f6hre<span class=\"excerpt-hellip\"> [\u2026]<\/span><\/p>\n","protected":false},"featured_media":365464,"template":"","meta":[],"product_brand":[],"product_cat":[87060],"product_tag":[],"class_list":{"0":"post-351533","1":"product","2":"type-product","3":"status-publish","4":"has-post-thumbnail","6":"product_cat-led-lampe-multi-led","8":"first","9":"instock","10":"taxable","11":"shipping-taxable","12":"product-type-simple"},"_links":{"self":[{"href":"https:\/\/www.arclite-shop.de\/en\/wp-json\/wp\/v2\/product\/351533","targetHints":{"allow":["GET"]}}],"collection":[{"href":"https:\/\/www.arclite-shop.de\/en\/wp-json\/wp\/v2\/product"}],"about":[{"href":"https:\/\/www.arclite-shop.de\/en\/wp-json\/wp\/v2\/types\/product"}],"wp:featuredmedia":[{"embeddable":true,"href":"https:\/\/www.arclite-shop.de\/en\/wp-json\/wp\/v2\/media\/365464"}],"wp:attachment":[{"href":"https:\/\/www.arclite-shop.de\/en\/wp-json\/wp\/v2\/media?parent=351533"}],"wp:term":[{"taxonomy":"product_brand","embeddable":true,"href":"https:\/\/www.arclite-shop.de\/en\/wp-json\/wp\/v2\/product_brand?post=351533"},{"taxonomy":"product_cat","embeddable":true,"href":"https:\/\/www.arclite-shop.de\/en\/wp-json\/wp\/v2\/product_cat?post=351533"},{"taxonomy":"product_tag","embeddable":true,"href":"https:\/\/www.arclite-shop.de\/en\/wp-json\/wp\/v2\/product_tag?post=351533"}],"curies":[{"name":"wp","href":"https:\/\/api.w.org\/{rel}","templated":true}]}}