{"id":351416,"date":"2024-10-31T14:27:36","date_gmt":"2024-10-31T13:27:36","guid":{"rendered":"https:\/\/www.arclite-shop.de\/produkt\/02-4099854026119\/"},"modified":"2026-04-17T02:16:35","modified_gmt":"2026-04-17T00:16:35","slug":"02-4099854026119","status":"publish","type":"product","link":"https:\/\/www.arclite-shop.de\/en\/produkt\/02-4099854026119\/","title":{"rendered":"LED tubes for electronic ballasts (ECG), electromagnetic ballasts (KVG\/VVG) and mains voltage, splinter protection"},"content":{"rendered":"<p>LED-R\u00f6hren f\u00fcr elektronische Vorschaltger\u00e4te (EVG), elektromagnetische Vorschaltger\u00e4te (KVG) und Netzspannung, Splitterschutz. Produkteigenschaften: LED-Ersatz f\u00fcr herk\u00f6mmliche T8-Leuchtstofflampen mit G13 Sockel in KVG, EVG Leuchten. Kompatibel mit konventionellen und vielen handels\u00fcblichen elektronischen Vorschaltger\u00e4ten (siehe auchKompatibilit\u00e4tsliste) und Netzspannung. Flimmerarm nach EU 2019\/2020 (SVM \u22640,4 \/ PstLM \u2264 1). Lampenr\u00f6hre aus Glas mit Splitterschutz f\u00fcr Anwendungen z.B. in der Lebensmittelindustrie. F\u00fcr besonders homogene Ausleuchtung. Quecksilberfrei und RoHS-konform. Schutzart: IP20. Lebensdauer: bis zu 60.000 h. Produktvorteile: Kein Durchh\u00e4ngen dank Glastechnik. Einfacher, schneller und sicherer Lampenaustausch ohne Umverdrahtung. Energieeinsparung von bis zu 66 % (gegen\u00fcber T8 Leuchtstofflampe). Sehr hohe Schaltfestigkeit. Hoher Lichtstrom f\u00fcr anspruchsvolle Beleuchtungsaufgaben. Auch geeignet f\u00fcr den Betrieb bei niedrigen Temperaturen. Volle Helligkeit ohne Aufw\u00e4rmphase, deswegen ideal geeignet in Kombination mit Sensorik. Anwendungsgebiete: Allgemeinbeleuchtung in Umgebungstemperaturen von -20\u2026+45 \u00b0C. Beleuchtung in industrieller Fertigung. Verkehrszonen und Korridore. Superm\u00e4rkte und Warenh\u00e4user. Industrie.<\/p>\n","protected":false},"excerpt":{"rendered":"<p>LED-R\u00f6hren f\u00fcr elektronische Vorschaltger\u00e4te (EVG), elektromagnetische Vorschaltger\u00e4te (KVG) und Netzspannung, Splitterschutz. Produkteigenschaften: LED-Ersatz f\u00fcr herk\u00f6mmliche T8-Leuchtstofflampen mit G13 Sockel in KVG, EVG Leuchten. Kompatibel mit konventionellen und vielen handels\u00fcblichen elektronischen Vorschaltger\u00e4ten (siehe auchKompatibilit\u00e4tsliste) und Netzspannung. Flimmerarm nach EU 2019\/2020 (SVM<span class=\"excerpt-hellip\"> [\u2026]<\/span><\/p>\n","protected":false},"featured_media":365468,"template":"","meta":[],"product_brand":[],"product_cat":[87060],"product_tag":[],"class_list":{"0":"post-351416","1":"product","2":"type-product","3":"status-publish","4":"has-post-thumbnail","6":"product_cat-led-lampe-multi-led","8":"first","9":"instock","10":"taxable","11":"shipping-taxable","12":"product-type-simple"},"_links":{"self":[{"href":"https:\/\/www.arclite-shop.de\/en\/wp-json\/wp\/v2\/product\/351416","targetHints":{"allow":["GET"]}}],"collection":[{"href":"https:\/\/www.arclite-shop.de\/en\/wp-json\/wp\/v2\/product"}],"about":[{"href":"https:\/\/www.arclite-shop.de\/en\/wp-json\/wp\/v2\/types\/product"}],"wp:featuredmedia":[{"embeddable":true,"href":"https:\/\/www.arclite-shop.de\/en\/wp-json\/wp\/v2\/media\/365468"}],"wp:attachment":[{"href":"https:\/\/www.arclite-shop.de\/en\/wp-json\/wp\/v2\/media?parent=351416"}],"wp:term":[{"taxonomy":"product_brand","embeddable":true,"href":"https:\/\/www.arclite-shop.de\/en\/wp-json\/wp\/v2\/product_brand?post=351416"},{"taxonomy":"product_cat","embeddable":true,"href":"https:\/\/www.arclite-shop.de\/en\/wp-json\/wp\/v2\/product_cat?post=351416"},{"taxonomy":"product_tag","embeddable":true,"href":"https:\/\/www.arclite-shop.de\/en\/wp-json\/wp\/v2\/product_tag?post=351416"}],"curies":[{"name":"wp","href":"https:\/\/api.w.org\/{rel}","templated":true}]}}