{"id":351310,"date":"2024-10-31T14:26:18","date_gmt":"2024-10-31T13:26:18","guid":{"rendered":"https:\/\/www.arclite-shop.de\/produkt\/02-4099854000140\/"},"modified":"2026-04-17T06:30:15","modified_gmt":"2026-04-17T04:30:15","slug":"02-4099854000140","status":"publish","type":"product","link":"https:\/\/www.arclite-shop.de\/en\/produkt\/02-4099854000140\/","title":{"rendered":"Recessed spotlight for indoor use, adjustable"},"content":{"rendered":"<p>Einbaustrahler f\u00fcr Innenanwendung, einstellbar. Produkteigenschaften: Einstellbarer Schwenkwinkel: \u00b125\u00b0. Farbwiedergabeindex Ra: 90. Abstrahlwinkel: 36\u00b0. Geh\u00e4use aus Aluminiumdruckguss. Federn mit weichem Silikon\u00fcberzug. Dimmbar (an vielen handels\u00fcblichen Dimmern, siehe auchwww.ledvance.de\/dim). Durchverdrahtung m\u00f6glich. Produktvorteile: Energieersparnis von bis zu 90 % verglichen mit Halogenlampen-Spotlights. Powerselect: Anpassung der Helligkeit \u00fcber Dip-Schalter am Treiber. Einfacher Austausch des externen Treibers dank Stecker mit Bajonettverschluss. Einfache Installation und elektrischer Anschluss dank werkzeugfreier Anschlussklemmen. SCALE Design &#8211; tolles Erscheinungsbild, hochwertige Materialien und geringe Gr\u00f6\u00dfe passen in jede Umgebung. 5 Jahre Garantie. Anwendungsgebiete: Direkter Ersatz f\u00fcr Einbaustrahler mit Halogenlampen. Allgemeinbeleuchtung. Hotelzimmer und Korridore. Bars, Restaurants. Akzentbeleuchtung. Galerien, Museen. Wohnr\u00e4ume. Technische Ausstattung: Externes Vorschaltger\u00e4t mit Dip-Schaltern zur Einstellung der Leistung w\u00e4hrend der Installation enthalten. Renovierungsringe sind als Zubeh\u00f6r erh\u00e4ltlich. Ausgew\u00e4hlter DALI 2.0 Treiber ist als Zubeh\u00f6r erh\u00e4ltlich.<\/p>\n","protected":false},"excerpt":{"rendered":"<p>Einbaustrahler f\u00fcr Innenanwendung, einstellbar. Produkteigenschaften: Einstellbarer Schwenkwinkel: \u00b125\u00b0. Farbwiedergabeindex Ra: 90. Abstrahlwinkel: 36\u00b0. Geh\u00e4use aus Aluminiumdruckguss. Federn mit weichem Silikon\u00fcberzug. Dimmbar (an vielen handels\u00fcblichen Dimmern, siehe auchwww.ledvance.de\/dim). Durchverdrahtung m\u00f6glich. Produktvorteile: Energieersparnis von bis zu 90 % verglichen mit Halogenlampen-Spotlights. Powerselect:<span class=\"excerpt-hellip\"> [\u2026]<\/span><\/p>\n","protected":false},"featured_media":365518,"template":"","meta":[],"product_brand":[],"product_cat":[87053],"product_tag":[],"class_list":{"0":"post-351310","1":"product","2":"type-product","3":"status-publish","4":"has-post-thumbnail","6":"product_cat-downlight-strahler-flutlicht","8":"first","9":"instock","10":"taxable","11":"shipping-taxable","12":"product-type-simple"},"_links":{"self":[{"href":"https:\/\/www.arclite-shop.de\/en\/wp-json\/wp\/v2\/product\/351310","targetHints":{"allow":["GET"]}}],"collection":[{"href":"https:\/\/www.arclite-shop.de\/en\/wp-json\/wp\/v2\/product"}],"about":[{"href":"https:\/\/www.arclite-shop.de\/en\/wp-json\/wp\/v2\/types\/product"}],"wp:featuredmedia":[{"embeddable":true,"href":"https:\/\/www.arclite-shop.de\/en\/wp-json\/wp\/v2\/media\/365518"}],"wp:attachment":[{"href":"https:\/\/www.arclite-shop.de\/en\/wp-json\/wp\/v2\/media?parent=351310"}],"wp:term":[{"taxonomy":"product_brand","embeddable":true,"href":"https:\/\/www.arclite-shop.de\/en\/wp-json\/wp\/v2\/product_brand?post=351310"},{"taxonomy":"product_cat","embeddable":true,"href":"https:\/\/www.arclite-shop.de\/en\/wp-json\/wp\/v2\/product_cat?post=351310"},{"taxonomy":"product_tag","embeddable":true,"href":"https:\/\/www.arclite-shop.de\/en\/wp-json\/wp\/v2\/product_tag?post=351310"}],"curies":[{"name":"wp","href":"https:\/\/api.w.org\/{rel}","templated":true}]}}