{"id":351290,"date":"2024-10-31T14:26:03","date_gmt":"2024-10-31T13:26:03","guid":{"rendered":"https:\/\/www.arclite-shop.de\/produkt\/02-4062172135894\/"},"modified":"2026-04-17T06:43:37","modified_gmt":"2026-04-17T04:43:37","slug":"02-4062172135894","status":"publish","type":"product","link":"https:\/\/www.arclite-shop.de\/en\/produkt\/02-4062172135894\/","title":{"rendered":"Constant voltage supplies 24 V"},"content":{"rendered":"<p>Konstantspannungsversorgungen 24 V. Produktvorteile: Vielseitiger Anwendungsbereich durch Ausgangsleistungen von bis zu 240 W. Sehr hohe Effizienz und Zuverl\u00e4ssigkeit. Konstanter Lichtstrom f\u00fcr sehr niedrige und hohe Temperaturen durch Smart Power Supply. Anwendungsgebiete: Geeignet f\u00fcr SELV-Installationen im Innen- und Au\u00dfenbereich. Au\u00dfenanwendungen nur in geeigneten Anlagen. F\u00fcr den Einsatz in schlanken, flachen Leuchten geeignet oder f\u00fcr den Einbau in abgeh\u00e4ngte Decke.<\/p>\n","protected":false},"excerpt":{"rendered":"<p>Konstantspannungsversorgungen 24 V. Produktvorteile: Vielseitiger Anwendungsbereich durch Ausgangsleistungen von bis zu 240 W. Sehr hohe Effizienz und Zuverl\u00e4ssigkeit. Konstanter Lichtstrom f\u00fcr sehr niedrige und hohe Temperaturen durch Smart Power Supply. Anwendungsgebiete: Geeignet f\u00fcr SELV-Installationen im Innen- und Au\u00dfenbereich. Au\u00dfenanwendungen nur<span class=\"excerpt-hellip\"> [\u2026]<\/span><\/p>\n","protected":false},"featured_media":309219,"template":"","meta":[],"product_brand":[],"product_cat":[87021],"product_tag":[],"class_list":{"0":"post-351290","1":"product","2":"type-product","3":"status-publish","4":"has-post-thumbnail","6":"product_cat-led-betriebsgeraet-ledvance","8":"first","9":"instock","10":"taxable","11":"shipping-taxable","12":"product-type-simple"},"_links":{"self":[{"href":"https:\/\/www.arclite-shop.de\/en\/wp-json\/wp\/v2\/product\/351290","targetHints":{"allow":["GET"]}}],"collection":[{"href":"https:\/\/www.arclite-shop.de\/en\/wp-json\/wp\/v2\/product"}],"about":[{"href":"https:\/\/www.arclite-shop.de\/en\/wp-json\/wp\/v2\/types\/product"}],"wp:featuredmedia":[{"embeddable":true,"href":"https:\/\/www.arclite-shop.de\/en\/wp-json\/wp\/v2\/media\/309219"}],"wp:attachment":[{"href":"https:\/\/www.arclite-shop.de\/en\/wp-json\/wp\/v2\/media?parent=351290"}],"wp:term":[{"taxonomy":"product_brand","embeddable":true,"href":"https:\/\/www.arclite-shop.de\/en\/wp-json\/wp\/v2\/product_brand?post=351290"},{"taxonomy":"product_cat","embeddable":true,"href":"https:\/\/www.arclite-shop.de\/en\/wp-json\/wp\/v2\/product_cat?post=351290"},{"taxonomy":"product_tag","embeddable":true,"href":"https:\/\/www.arclite-shop.de\/en\/wp-json\/wp\/v2\/product_tag?post=351290"}],"curies":[{"name":"wp","href":"https:\/\/api.w.org\/{rel}","templated":true}]}}