{"id":351285,"date":"2024-10-31T14:26:00","date_gmt":"2024-10-31T13:26:00","guid":{"rendered":"https:\/\/www.arclite-shop.de\/produkt\/02-4062172087575\/"},"modified":"2026-04-17T06:44:02","modified_gmt":"2026-04-17T04:44:02","slug":"02-4062172087575","status":"publish","type":"product","link":"https:\/\/www.arclite-shop.de\/en\/produkt\/02-4062172087575\/","title":{"rendered":"DALI-2 button coupler for the integration of commercially available switches into a DALI system"},"content":{"rendered":"<p>DALI-2 Tasterkoppler zur Integration von handels\u00fcblichen Schaltern in ein DALI System. Produkteigenschaften: DALI-Tasterkoppler. 4 potenzialfreie Eing\u00e4nge. . Produktvorteile: Handels\u00fcbliche Taster\/Schalter verwendbar. DALI-2 zertifiziert . DALI-Bus-spannungs-versorgt (keine Netzanschluss erforderlich). Mehrere Koppler an eine DALI Linie anschlie\u00dfbar. . Anwendungsgebiete: Geeignet zur Installation in Unterputzdosen. Einzelb\u00fcros. Klassenzimmer. Besprechungsr\u00e4ume. Fertigungs- und Montagehallen. .<\/p>\n","protected":false},"excerpt":{"rendered":"<p>DALI-2 Tasterkoppler zur Integration von handels\u00fcblichen Schaltern in ein DALI System. Produkteigenschaften: DALI-Tasterkoppler. 4 potenzialfreie Eing\u00e4nge. . Produktvorteile: Handels\u00fcbliche Taster\/Schalter verwendbar. DALI-2 zertifiziert . DALI-Bus-spannungs-versorgt (keine Netzanschluss erforderlich). Mehrere Koppler an eine DALI Linie anschlie\u00dfbar. . Anwendungsgebiete: Geeignet zur Installation<span class=\"excerpt-hellip\"> [\u2026]<\/span><\/p>\n","protected":false},"featured_media":365538,"template":"","meta":[],"product_brand":[],"product_cat":[87015],"product_tag":[],"class_list":{"0":"post-351285","1":"product","2":"type-product","3":"status-publish","4":"has-post-thumbnail","6":"product_cat-lichtregelsystemkomponente-ledvance","8":"first","9":"instock","10":"taxable","11":"shipping-taxable","12":"product-type-simple"},"_links":{"self":[{"href":"https:\/\/www.arclite-shop.de\/en\/wp-json\/wp\/v2\/product\/351285","targetHints":{"allow":["GET"]}}],"collection":[{"href":"https:\/\/www.arclite-shop.de\/en\/wp-json\/wp\/v2\/product"}],"about":[{"href":"https:\/\/www.arclite-shop.de\/en\/wp-json\/wp\/v2\/types\/product"}],"wp:featuredmedia":[{"embeddable":true,"href":"https:\/\/www.arclite-shop.de\/en\/wp-json\/wp\/v2\/media\/365538"}],"wp:attachment":[{"href":"https:\/\/www.arclite-shop.de\/en\/wp-json\/wp\/v2\/media?parent=351285"}],"wp:term":[{"taxonomy":"product_brand","embeddable":true,"href":"https:\/\/www.arclite-shop.de\/en\/wp-json\/wp\/v2\/product_brand?post=351285"},{"taxonomy":"product_cat","embeddable":true,"href":"https:\/\/www.arclite-shop.de\/en\/wp-json\/wp\/v2\/product_cat?post=351285"},{"taxonomy":"product_tag","embeddable":true,"href":"https:\/\/www.arclite-shop.de\/en\/wp-json\/wp\/v2\/product_tag?post=351285"}],"curies":[{"name":"wp","href":"https:\/\/api.w.org\/{rel}","templated":true}]}}