{"id":351278,"date":"2024-10-31T14:25:55","date_gmt":"2024-10-31T13:25:55","guid":{"rendered":"https:\/\/www.arclite-shop.de\/produkt\/02-4062172046558\/"},"modified":"2026-04-17T06:45:39","modified_gmt":"2026-04-17T04:45:39","slug":"02-4062172046558","status":"publish","type":"product","link":"https:\/\/www.arclite-shop.de\/en\/produkt\/02-4062172046558\/","title":{"rendered":"CV Power supplies 24 V with Bluetooth"},"content":{"rendered":"<p>CV Power supplies 24 V with Bluetooth. Produkteigenschaften: LED-Treiber mit 80 W\/24 V, 1-4 Kan\u00e4le. Leistungsmessung an der App-Schnittstelle. Wireless-Mesh-Bluetooth-Netzwerk mit bis zu 127 Ger\u00e4ten. Unterschiedliche Lichtprofile zur benutzerspezifischen Anpassung der Anwendung. 2 KHz PWM-Steuerger\u00e4t. . Produktvorteile: Stromversorgung und Steuerung f\u00fcr LED-Module: Wei\u00df, Tunable White, Tunable Warm White und Dim to Warm. Stromversorgung und Steuerung f\u00fcr LED-Module: RGB und RGBW. Treiber mit integriertem CASAMBI Lichtsteuerungssystem. Schlanke Bauform f\u00fcr Einbau in Lichtboxen. . Anwendungsgebiete: Geeignet f\u00fcr Installationen im Innenbereich. Handel und Gastgewerbe: Einzelhandelsgesch\u00e4fte, Hotels, Restaurants. Museen, Wohngeb\u00e4ude. .<\/p>\n","protected":false},"excerpt":{"rendered":"<p>CV Power supplies 24 V with Bluetooth. Produkteigenschaften: LED-Treiber mit 80 W\/24 V, 1-4 Kan\u00e4le. Leistungsmessung an der App-Schnittstelle. Wireless-Mesh-Bluetooth-Netzwerk mit bis zu 127 Ger\u00e4ten. Unterschiedliche Lichtprofile zur benutzerspezifischen Anpassung der Anwendung. 2 KHz PWM-Steuerger\u00e4t. . Produktvorteile: Stromversorgung und Steuerung<span class=\"excerpt-hellip\"> [\u2026]<\/span><\/p>\n","protected":false},"featured_media":286129,"template":"","meta":[],"product_brand":[],"product_cat":[87021],"product_tag":[],"class_list":{"0":"post-351278","1":"product","2":"type-product","3":"status-publish","4":"has-post-thumbnail","6":"product_cat-led-betriebsgeraet-ledvance","8":"first","9":"instock","10":"taxable","11":"shipping-taxable","12":"product-type-simple"},"_links":{"self":[{"href":"https:\/\/www.arclite-shop.de\/en\/wp-json\/wp\/v2\/product\/351278","targetHints":{"allow":["GET"]}}],"collection":[{"href":"https:\/\/www.arclite-shop.de\/en\/wp-json\/wp\/v2\/product"}],"about":[{"href":"https:\/\/www.arclite-shop.de\/en\/wp-json\/wp\/v2\/types\/product"}],"wp:featuredmedia":[{"embeddable":true,"href":"https:\/\/www.arclite-shop.de\/en\/wp-json\/wp\/v2\/media\/286129"}],"wp:attachment":[{"href":"https:\/\/www.arclite-shop.de\/en\/wp-json\/wp\/v2\/media?parent=351278"}],"wp:term":[{"taxonomy":"product_brand","embeddable":true,"href":"https:\/\/www.arclite-shop.de\/en\/wp-json\/wp\/v2\/product_brand?post=351278"},{"taxonomy":"product_cat","embeddable":true,"href":"https:\/\/www.arclite-shop.de\/en\/wp-json\/wp\/v2\/product_cat?post=351278"},{"taxonomy":"product_tag","embeddable":true,"href":"https:\/\/www.arclite-shop.de\/en\/wp-json\/wp\/v2\/product_tag?post=351278"}],"curies":[{"name":"wp","href":"https:\/\/api.w.org\/{rel}","templated":true}]}}