{"id":351089,"date":"2024-10-31T14:23:36","date_gmt":"2024-10-31T13:23:36","guid":{"rendered":"https:\/\/www.arclite-shop.de\/produkt\/02-4058075765979\/"},"modified":"2026-04-17T09:00:53","modified_gmt":"2026-04-17T07:00:53","slug":"02-4058075765979","status":"publish","type":"product","link":"https:\/\/www.arclite-shop.de\/en\/produkt\/02-4058075765979\/","title":{"rendered":"HQL LED PRO 5400 lm 41 W\/2700 K E27"},"content":{"rendered":"<p>LED-Ersatz von HID Lampen f\u00fcr die Au\u00dfenbeleuchtung. Produkteigenschaften: Ersatz von HQL: Geeignet f\u00fcr den Betrieb mit konventionellen Vorschaltger\u00e4ten (KVG, VVG) f\u00fcr HQL oder 230 V Netzspannung. Ersatz von anderen HID: Geeignet f\u00fcr den Betrieb mit Netzspannung ohne Vorschaltger\u00e4t. Leistungsfaktor: 0,9. Schutzart: IP65. Hoher \u00dcberspannungsschutz: bis zu 6 kV (L-N). Produktvorteile: Spart bis zu 78 % Energie bei Verwendung als Ersatz f\u00fcr Quecksilberdampflampen (HQL). Geringer Wartungsaufwand durch lange Lebensdauer. Sofort 100 % Licht, keine Aufw\u00e4rmzeit. Anwendungsgebiete: Stra\u00dfen. Fl\u00e4chenbeleuchtung. Fu\u00dfg\u00e4ngerzonen. Parkanlagen. Au\u00dfenanwendungen nur in geeigneten Leuchten.<\/p>\n","protected":false},"excerpt":{"rendered":"<p>LED-Ersatz von HID Lampen f\u00fcr die Au\u00dfenbeleuchtung. Produkteigenschaften: Ersatz von HQL: Geeignet f\u00fcr den Betrieb mit konventionellen Vorschaltger\u00e4ten (KVG, VVG) f\u00fcr HQL oder 230 V Netzspannung. Ersatz von anderen HID: Geeignet f\u00fcr den Betrieb mit Netzspannung ohne Vorschaltger\u00e4t. Leistungsfaktor: 0,9.<span class=\"excerpt-hellip\"> [\u2026]<\/span><\/p>\n","protected":false},"featured_media":365730,"template":"","meta":[],"product_brand":[],"product_cat":[87060],"product_tag":[],"class_list":{"0":"post-351089","1":"product","2":"type-product","3":"status-publish","4":"has-post-thumbnail","6":"product_cat-led-lampe-multi-led","8":"first","9":"instock","10":"taxable","11":"shipping-taxable","12":"product-type-simple"},"_links":{"self":[{"href":"https:\/\/www.arclite-shop.de\/en\/wp-json\/wp\/v2\/product\/351089","targetHints":{"allow":["GET"]}}],"collection":[{"href":"https:\/\/www.arclite-shop.de\/en\/wp-json\/wp\/v2\/product"}],"about":[{"href":"https:\/\/www.arclite-shop.de\/en\/wp-json\/wp\/v2\/types\/product"}],"wp:featuredmedia":[{"embeddable":true,"href":"https:\/\/www.arclite-shop.de\/en\/wp-json\/wp\/v2\/media\/365730"}],"wp:attachment":[{"href":"https:\/\/www.arclite-shop.de\/en\/wp-json\/wp\/v2\/media?parent=351089"}],"wp:term":[{"taxonomy":"product_brand","embeddable":true,"href":"https:\/\/www.arclite-shop.de\/en\/wp-json\/wp\/v2\/product_brand?post=351089"},{"taxonomy":"product_cat","embeddable":true,"href":"https:\/\/www.arclite-shop.de\/en\/wp-json\/wp\/v2\/product_cat?post=351089"},{"taxonomy":"product_tag","embeddable":true,"href":"https:\/\/www.arclite-shop.de\/en\/wp-json\/wp\/v2\/product_tag?post=351089"}],"curies":[{"name":"wp","href":"https:\/\/api.w.org\/{rel}","templated":true}]}}