{"id":351084,"date":"2024-10-31T14:23:33","date_gmt":"2024-10-31T13:23:33","guid":{"rendered":"https:\/\/www.arclite-shop.de\/produkt\/02-4058075763487\/"},"modified":"2026-04-17T09:05:14","modified_gmt":"2026-04-17T07:05:14","slug":"02-4058075763487","status":"publish","type":"product","link":"https:\/\/www.arclite-shop.de\/en\/produkt\/02-4058075763487\/","title":{"rendered":"Outdoor Smart Camera Multispot"},"content":{"rendered":"<p>Outdoor Smart Camera Multispot. Produkteigenschaften: Steuerbar \u00fcber LEDVANCE SMART+ App (mit mindestens Android 6.0 oder iOS 11.0). Steuerung \u00fcber Google Assistant oder Amazon Alexa m\u00f6glich. Eingebaute Fernsprecheinrichtung und Alarm-Funktion. Dimmbar. Farbtemperatur: 3.000 K (Warm White). Netzwerkprotokoll: WiFi. Schutzart: IP44. Kamera mit HD Live Bild \u00dcbertragung. Verstellbare Leuchtenk\u00f6pfe. Produktvorteile: Einfache und schnelle Installation. Erh\u00f6htes Sicherheitsgef\u00fchl dank hoher Helligkeit. Die aufgezeichneten Daten werden auf der Speicherkarte oder im Cloud-Speicher des Ger\u00e4ts gespeichert. Hochwertige Materialien. Anwendungsgebiete: Au\u00dfenanwendung (IP44). Garagen. Eingangsbereiche. Technische Ausstattung: F\u00fcr die Steuerung \u00fcber LEDVANCE SMART + WiFi App ist ein Smartphone oder Tablet erforderlich. Inklusive Montageschrauben und D\u00fcbel.<\/p>\n","protected":false},"excerpt":{"rendered":"<p>Outdoor Smart Camera Multispot. Produkteigenschaften: Steuerbar \u00fcber LEDVANCE SMART+ App (mit mindestens Android 6.0 oder iOS 11.0). Steuerung \u00fcber Google Assistant oder Amazon Alexa m\u00f6glich. Eingebaute Fernsprecheinrichtung und Alarm-Funktion. Dimmbar. Farbtemperatur: 3.000 K (Warm White). Netzwerkprotokoll: WiFi. Schutzart: IP44. Kamera<span class=\"excerpt-hellip\"> [\u2026]<\/span><\/p>\n","protected":false},"featured_media":365738,"template":"","meta":[],"product_brand":[],"product_cat":[87052],"product_tag":[],"class_list":{"0":"post-351084","1":"product","2":"type-product","3":"status-publish","4":"has-post-thumbnail","6":"product_cat-decken-wandleuchte","8":"first","9":"instock","10":"taxable","11":"shipping-taxable","12":"product-type-simple"},"_links":{"self":[{"href":"https:\/\/www.arclite-shop.de\/en\/wp-json\/wp\/v2\/product\/351084","targetHints":{"allow":["GET"]}}],"collection":[{"href":"https:\/\/www.arclite-shop.de\/en\/wp-json\/wp\/v2\/product"}],"about":[{"href":"https:\/\/www.arclite-shop.de\/en\/wp-json\/wp\/v2\/types\/product"}],"wp:featuredmedia":[{"embeddable":true,"href":"https:\/\/www.arclite-shop.de\/en\/wp-json\/wp\/v2\/media\/365738"}],"wp:attachment":[{"href":"https:\/\/www.arclite-shop.de\/en\/wp-json\/wp\/v2\/media?parent=351084"}],"wp:term":[{"taxonomy":"product_brand","embeddable":true,"href":"https:\/\/www.arclite-shop.de\/en\/wp-json\/wp\/v2\/product_brand?post=351084"},{"taxonomy":"product_cat","embeddable":true,"href":"https:\/\/www.arclite-shop.de\/en\/wp-json\/wp\/v2\/product_cat?post=351084"},{"taxonomy":"product_tag","embeddable":true,"href":"https:\/\/www.arclite-shop.de\/en\/wp-json\/wp\/v2\/product_tag?post=351084"}],"curies":[{"name":"wp","href":"https:\/\/api.w.org\/{rel}","templated":true}]}}