{"id":350993,"date":"2024-10-31T14:22:26","date_gmt":"2024-10-31T13:22:26","guid":{"rendered":"https:\/\/www.arclite-shop.de\/produkt\/02-4058075757967\/"},"modified":"2026-03-07T01:32:42","modified_gmt":"2026-03-07T00:32:42","slug":"02-4058075757967","status":"publish","type":"product","link":"https:\/\/www.arclite-shop.de\/en\/produkt\/02-4058075757967\/","title":{"rendered":"LED lamps with retrofit socket G9"},"content":{"rendered":"<p>LED-Lampen mit Retrofit-Stecksockel G9. Produkteigenschaften: LED-Alternative zu konventionellen Hochvoltlampen. Gute Lichtqualit\u00e4t; Farbwiedergabeindex Ra: \u2265 80; konstanter Farbort. Produktvorteile: Gute Rundum-Lichtausstrahlung. Lange Lebensdauer von bis zu 15.000 h. Ideal f\u00fcr den dekorativen und frei brennenden Einsatz. Drei Jahre Garantie. Anwendungsgebiete: F\u00fcr stimmungsvolle Lichtakzente in Wohnr\u00e4umen und Partykellern. Shops, Hotels und Gastronomie. Einsatz im Au\u00dfenbereich nur in geeigneten Au\u00dfenleuchten.<\/p>\n","protected":false},"excerpt":{"rendered":"<p>LED-Lampen mit Retrofit-Stecksockel G9. Produkteigenschaften: LED-Alternative zu konventionellen Hochvoltlampen. Gute Lichtqualit\u00e4t; Farbwiedergabeindex Ra: \u2265 80; konstanter Farbort. Produktvorteile: Gute Rundum-Lichtausstrahlung. Lange Lebensdauer von bis zu 15.000 h. Ideal f\u00fcr den dekorativen und frei brennenden Einsatz. Drei Jahre Garantie. Anwendungsgebiete: F\u00fcr<span class=\"excerpt-hellip\"> [\u2026]<\/span><\/p>\n","protected":false},"featured_media":365870,"template":"","meta":[],"product_brand":[],"product_cat":[87060],"product_tag":[],"class_list":{"0":"post-350993","1":"product","2":"type-product","3":"status-publish","4":"has-post-thumbnail","6":"product_cat-led-lampe-multi-led","8":"first","9":"instock","10":"taxable","11":"shipping-taxable","12":"product-type-simple"},"_links":{"self":[{"href":"https:\/\/www.arclite-shop.de\/en\/wp-json\/wp\/v2\/product\/350993","targetHints":{"allow":["GET"]}}],"collection":[{"href":"https:\/\/www.arclite-shop.de\/en\/wp-json\/wp\/v2\/product"}],"about":[{"href":"https:\/\/www.arclite-shop.de\/en\/wp-json\/wp\/v2\/types\/product"}],"wp:featuredmedia":[{"embeddable":true,"href":"https:\/\/www.arclite-shop.de\/en\/wp-json\/wp\/v2\/media\/365870"}],"wp:attachment":[{"href":"https:\/\/www.arclite-shop.de\/en\/wp-json\/wp\/v2\/media?parent=350993"}],"wp:term":[{"taxonomy":"product_brand","embeddable":true,"href":"https:\/\/www.arclite-shop.de\/en\/wp-json\/wp\/v2\/product_brand?post=350993"},{"taxonomy":"product_cat","embeddable":true,"href":"https:\/\/www.arclite-shop.de\/en\/wp-json\/wp\/v2\/product_cat?post=350993"},{"taxonomy":"product_tag","embeddable":true,"href":"https:\/\/www.arclite-shop.de\/en\/wp-json\/wp\/v2\/product_tag?post=350993"}],"curies":[{"name":"wp","href":"https:\/\/api.w.org\/{rel}","templated":true}]}}