{"id":350966,"date":"2024-10-31T14:22:08","date_gmt":"2024-10-31T13:22:08","guid":{"rendered":"https:\/\/www.arclite-shop.de\/produkt\/02-4058075740891\/"},"modified":"2026-04-17T10:51:52","modified_gmt":"2026-04-17T08:51:52","slug":"02-4058075740891","status":"publish","type":"product","link":"https:\/\/www.arclite-shop.de\/en\/produkt\/02-4058075740891\/","title":{"rendered":"Modern moisture-proof luminaires with luminous flux-switchable versions"},"content":{"rendered":"<p>Moderne Feuchtraumleuchten mit Lichtstrom-schaltbaren Versionen. Produkteigenschaften: Power Select Option erh\u00e4ltlich um zwischen zwei Lichtstr\u00f6men zu w\u00e4hlen. Lebensdauer (L80\/B10): bis zu 50.000 h (bei 25 \u00b0C). Hohe Lichtausbeute: bis zu 123 lm\/W. Geh\u00e4use aus Polycarbonat mit IP66 und IK08. Ausstrahlungswinkel: 120\u00b0. Produktvorteile: Sehr vielseitig dank erh\u00e4ltlicher Power Select Versionen die 2 verschiedene Lumenpakete erlauben. Einfache Installation dank Montageklammern, die frei an der Leuchte positioniert werden k\u00f6nnen. Einfacher Zugang zum Anschlussterminal dank Endkappe mit Twist-and-Lock-Mechanismus. Werkzeugloser elektrischer Anschluss dank Push-Button-Anschlussklemme. Gleichm\u00e4\u00dfige Lichtverteilung. 5 Jahre Garantie. Anwendungsgebiete: Industrie- und Lagerareale. Parkpl\u00e4tze und Unterf\u00fchrungen. Garagen. Werkst\u00e4tten, Fertigungsstra\u00dfen. Technische Ausstattung: Klammern aus Edelstahl und Sicherheitsschrauben enthalten. Montagezubeh\u00f6r enthalten (Abh\u00e4ngungs-Kit, Diebstahlschutz-Kit).<\/p>\n","protected":false},"excerpt":{"rendered":"<p>Moderne Feuchtraumleuchten mit Lichtstrom-schaltbaren Versionen. Produkteigenschaften: Power Select Option erh\u00e4ltlich um zwischen zwei Lichtstr\u00f6men zu w\u00e4hlen. Lebensdauer (L80\/B10): bis zu 50.000 h (bei 25 \u00b0C). Hohe Lichtausbeute: bis zu 123 lm\/W. Geh\u00e4use aus Polycarbonat mit IP66 und IK08. Ausstrahlungswinkel: 120\u00b0.<span class=\"excerpt-hellip\"> [\u2026]<\/span><\/p>\n","protected":false},"featured_media":365902,"template":"","meta":[],"product_brand":[],"product_cat":[87052],"product_tag":[],"class_list":{"0":"post-350966","1":"product","2":"type-product","3":"status-publish","4":"has-post-thumbnail","6":"product_cat-decken-wandleuchte","8":"first","9":"instock","10":"taxable","11":"shipping-taxable","12":"product-type-simple"},"_links":{"self":[{"href":"https:\/\/www.arclite-shop.de\/en\/wp-json\/wp\/v2\/product\/350966","targetHints":{"allow":["GET"]}}],"collection":[{"href":"https:\/\/www.arclite-shop.de\/en\/wp-json\/wp\/v2\/product"}],"about":[{"href":"https:\/\/www.arclite-shop.de\/en\/wp-json\/wp\/v2\/types\/product"}],"wp:featuredmedia":[{"embeddable":true,"href":"https:\/\/www.arclite-shop.de\/en\/wp-json\/wp\/v2\/media\/365902"}],"wp:attachment":[{"href":"https:\/\/www.arclite-shop.de\/en\/wp-json\/wp\/v2\/media?parent=350966"}],"wp:term":[{"taxonomy":"product_brand","embeddable":true,"href":"https:\/\/www.arclite-shop.de\/en\/wp-json\/wp\/v2\/product_brand?post=350966"},{"taxonomy":"product_cat","embeddable":true,"href":"https:\/\/www.arclite-shop.de\/en\/wp-json\/wp\/v2\/product_cat?post=350966"},{"taxonomy":"product_tag","embeddable":true,"href":"https:\/\/www.arclite-shop.de\/en\/wp-json\/wp\/v2\/product_tag?post=350966"}],"curies":[{"name":"wp","href":"https:\/\/api.w.org\/{rel}","templated":true}]}}