{"id":350961,"date":"2024-10-31T14:22:05","date_gmt":"2024-10-31T13:22:05","guid":{"rendered":"https:\/\/www.arclite-shop.de\/produkt\/02-4058075730656\/"},"modified":"2026-04-17T10:58:02","modified_gmt":"2026-04-17T08:58:02","slug":"02-4058075730656","status":"publish","type":"product","link":"https:\/\/www.arclite-shop.de\/en\/produkt\/02-4058075730656\/","title":{"rendered":"LED DRIVER LED TUBE EXTERNAL DALI P -2X15-26W 220-240"},"content":{"rendered":"<p>Konstantstrom LED Treiber EXT f\u00fcr LED TUBE EXT T5\/T8 &#8211; Innenbereich . Produkteigenschaften: 1 Kanal DALI-2 zertifiziertes LED Betriebsger\u00e4t 4058075730632. SELV-Treiber mit Schutzkleinspannung. Anspruchvollere Installationen mit DALI Lichtsteuerung. Lebensdauer: &gt; 100.000 h (bei T = 65 \u00b0C an T c ). ENEC- gepr\u00fcfte Sicherheit. Zertifizierter 2-Kanal DALI-2 LED-Treiber 4058075730656. Produktvorteile: Kompatible mit LEDVANCE LED TUBE EXTERNAL. Hohe Flexibilit\u00e4t durch einstellbare Ausgangsstr\u00f6me \u00fcber Dip-Schalter. DALI-2.0-Interface f\u00fcr Anwendung mit Dimmern und Sensoren. Hochqualitatives Dimmen von 1\u2026100 %. Push-DIM-Anwendung zur einfachen Steuerung. Sehr hohe Schaltfestigkeit. 5 Jahre Garantie. Anwendungsgebiete: Ausgelegt f\u00fcr den Betrieb von LEDVANCE LEDTUBE EXT . Geeignet f\u00fcr Leuchten der Schutzklasse I. Allgemeinbeleuchtung in Umgebungstemperaturen von -20\u2026+50\u00b0C. Lineare Lichtl\u00f6sungen f\u00fcr B\u00fcros, Bildungsst\u00e4tten, Lagerbereiche und Retail. Industriebeleuchtung (z.B. Fertigungsanlagen, Logistikzentren, Lagerh\u00e4user). Gesch\u00e4fte, Superm\u00e4rkte. Einbau in Notbeleuchtungsanlagen gem\u00e4\u00df IEC 61347-2-13, Anhang J.<\/p>\n","protected":false},"excerpt":{"rendered":"<p>Konstantstrom LED Treiber EXT f\u00fcr LED TUBE EXT T5\/T8 &#8211; Innenbereich . Produkteigenschaften: 1 Kanal DALI-2 zertifiziertes LED Betriebsger\u00e4t 4058075730632. SELV-Treiber mit Schutzkleinspannung. Anspruchvollere Installationen mit DALI Lichtsteuerung. Lebensdauer: &gt; 100.000 h (bei T = 65 \u00b0C an T c<span class=\"excerpt-hellip\"> [\u2026]<\/span><\/p>\n","protected":false},"featured_media":339218,"template":"","meta":[],"product_brand":[],"product_cat":[87021],"product_tag":[],"class_list":{"0":"post-350961","1":"product","2":"type-product","3":"status-publish","4":"has-post-thumbnail","6":"product_cat-led-betriebsgeraet-ledvance","8":"first","9":"instock","10":"taxable","11":"shipping-taxable","12":"product-type-simple"},"_links":{"self":[{"href":"https:\/\/www.arclite-shop.de\/en\/wp-json\/wp\/v2\/product\/350961","targetHints":{"allow":["GET"]}}],"collection":[{"href":"https:\/\/www.arclite-shop.de\/en\/wp-json\/wp\/v2\/product"}],"about":[{"href":"https:\/\/www.arclite-shop.de\/en\/wp-json\/wp\/v2\/types\/product"}],"wp:featuredmedia":[{"embeddable":true,"href":"https:\/\/www.arclite-shop.de\/en\/wp-json\/wp\/v2\/media\/339218"}],"wp:attachment":[{"href":"https:\/\/www.arclite-shop.de\/en\/wp-json\/wp\/v2\/media?parent=350961"}],"wp:term":[{"taxonomy":"product_brand","embeddable":true,"href":"https:\/\/www.arclite-shop.de\/en\/wp-json\/wp\/v2\/product_brand?post=350961"},{"taxonomy":"product_cat","embeddable":true,"href":"https:\/\/www.arclite-shop.de\/en\/wp-json\/wp\/v2\/product_cat?post=350961"},{"taxonomy":"product_tag","embeddable":true,"href":"https:\/\/www.arclite-shop.de\/en\/wp-json\/wp\/v2\/product_tag?post=350961"}],"curies":[{"name":"wp","href":"https:\/\/api.w.org\/{rel}","templated":true}]}}