{"id":350925,"date":"2024-10-31T14:21:38","date_gmt":"2024-10-31T13:21:38","guid":{"rendered":"https:\/\/www.arclite-shop.de\/produkt\/02-4058075709881\/"},"modified":"2026-04-17T11:15:31","modified_gmt":"2026-04-17T09:15:31","slug":"02-4058075709881","status":"publish","type":"product","link":"https:\/\/www.arclite-shop.de\/en\/produkt\/02-4058075709881\/","title":{"rendered":"Frame for surface mounting for downlight IP44"},"content":{"rendered":"<p>Rahmen f\u00fcr Aufbaumontage f\u00fcr Downlight IP44. Produkteigenschaften: Robustes Geh\u00e4use aus Polycarbonat. Montagezubeh\u00f6r enthalten. Produktvorteile: Montagefreundlich. Anwendungsgebiete: Direkter Ersatz f\u00fcr Leuchten mit Kompaktleuchtstofflampen. Allgemeinbeleuchtung. \u00d6ffentlicher Raum. Treppenh\u00e4user. Flure. Gesch\u00e4fte. Badezimmer.<\/p>\n","protected":false},"excerpt":{"rendered":"<p>Rahmen f\u00fcr Aufbaumontage f\u00fcr Downlight IP44. Produkteigenschaften: Robustes Geh\u00e4use aus Polycarbonat. Montagezubeh\u00f6r enthalten. Produktvorteile: Montagefreundlich. Anwendungsgebiete: Direkter Ersatz f\u00fcr Leuchten mit Kompaktleuchtstofflampen. Allgemeinbeleuchtung. \u00d6ffentlicher Raum. Treppenh\u00e4user. Flure. Gesch\u00e4fte. Badezimmer.<\/p>\n","protected":false},"featured_media":365962,"template":"","meta":[],"product_brand":[],"product_cat":[87054],"product_tag":[],"class_list":{"0":"post-350925","1":"product","2":"type-product","3":"status-publish","4":"has-post-thumbnail","6":"product_cat-mechanisches-zubehoer-ersatzteile-fuer-leuchten-ledvance","8":"first","9":"instock","10":"taxable","11":"shipping-taxable","12":"product-type-simple"},"_links":{"self":[{"href":"https:\/\/www.arclite-shop.de\/en\/wp-json\/wp\/v2\/product\/350925","targetHints":{"allow":["GET"]}}],"collection":[{"href":"https:\/\/www.arclite-shop.de\/en\/wp-json\/wp\/v2\/product"}],"about":[{"href":"https:\/\/www.arclite-shop.de\/en\/wp-json\/wp\/v2\/types\/product"}],"wp:featuredmedia":[{"embeddable":true,"href":"https:\/\/www.arclite-shop.de\/en\/wp-json\/wp\/v2\/media\/365962"}],"wp:attachment":[{"href":"https:\/\/www.arclite-shop.de\/en\/wp-json\/wp\/v2\/media?parent=350925"}],"wp:term":[{"taxonomy":"product_brand","embeddable":true,"href":"https:\/\/www.arclite-shop.de\/en\/wp-json\/wp\/v2\/product_brand?post=350925"},{"taxonomy":"product_cat","embeddable":true,"href":"https:\/\/www.arclite-shop.de\/en\/wp-json\/wp\/v2\/product_cat?post=350925"},{"taxonomy":"product_tag","embeddable":true,"href":"https:\/\/www.arclite-shop.de\/en\/wp-json\/wp\/v2\/product_tag?post=350925"}],"curies":[{"name":"wp","href":"https:\/\/api.w.org\/{rel}","templated":true}]}}