{"id":350818,"date":"2024-10-31T14:20:22","date_gmt":"2024-10-31T13:20:22","guid":{"rendered":"https:\/\/www.arclite-shop.de\/produkt\/02-4058075651814\/"},"modified":"2026-04-17T13:01:32","modified_gmt":"2026-04-17T11:01:32","slug":"02-4058075651814","status":"publish","type":"product","link":"https:\/\/www.arclite-shop.de\/en\/produkt\/02-4058075651814\/","title":{"rendered":"Splash-proof LED ceiling light with sensor"},"content":{"rendered":"<p>Spritzwasser gesch\u00fctzte LED-Deckenleuchte mit Sensor. Produkteigenschaften: Deckenleuchte mit fortschrittlicher LED-Technik. Kreisf\u00f6rmige Lichtausstrahlung. Schutzart: IP44. Einstellbarer Tageslicht- und Infrarot-Bewegungssensor. Produktvorteile: Sehr homogenes Licht. Einfache und schnelle Installation. Anwendungsgebiete: G\u00e4nge \/ Flure. Badezimmer. Decken- und Wandanbau. Au\u00dfenanwendungen (\u00fcberdachte Fl\u00e4chen) im privaten Bereich. Technische Ausstattung: Vollst\u00e4ndiges Montage- und Anschlusszubeh\u00f6r enthalten.<\/p>\n","protected":false},"excerpt":{"rendered":"<p>Spritzwasser gesch\u00fctzte LED-Deckenleuchte mit Sensor. Produkteigenschaften: Deckenleuchte mit fortschrittlicher LED-Technik. Kreisf\u00f6rmige Lichtausstrahlung. Schutzart: IP44. Einstellbarer Tageslicht- und Infrarot-Bewegungssensor. Produktvorteile: Sehr homogenes Licht. Einfache und schnelle Installation. Anwendungsgebiete: G\u00e4nge \/ Flure. Badezimmer. Decken- und Wandanbau. Au\u00dfenanwendungen (\u00fcberdachte Fl\u00e4chen) im privaten Bereich.<span class=\"excerpt-hellip\"> [\u2026]<\/span><\/p>\n","protected":false},"featured_media":328862,"template":"","meta":[],"product_brand":[],"product_cat":[87052],"product_tag":[],"class_list":{"0":"post-350818","1":"product","2":"type-product","3":"status-publish","4":"has-post-thumbnail","6":"product_cat-decken-wandleuchte","8":"first","9":"instock","10":"taxable","11":"shipping-taxable","12":"product-type-simple"},"_links":{"self":[{"href":"https:\/\/www.arclite-shop.de\/en\/wp-json\/wp\/v2\/product\/350818","targetHints":{"allow":["GET"]}}],"collection":[{"href":"https:\/\/www.arclite-shop.de\/en\/wp-json\/wp\/v2\/product"}],"about":[{"href":"https:\/\/www.arclite-shop.de\/en\/wp-json\/wp\/v2\/types\/product"}],"wp:featuredmedia":[{"embeddable":true,"href":"https:\/\/www.arclite-shop.de\/en\/wp-json\/wp\/v2\/media\/328862"}],"wp:attachment":[{"href":"https:\/\/www.arclite-shop.de\/en\/wp-json\/wp\/v2\/media?parent=350818"}],"wp:term":[{"taxonomy":"product_brand","embeddable":true,"href":"https:\/\/www.arclite-shop.de\/en\/wp-json\/wp\/v2\/product_brand?post=350818"},{"taxonomy":"product_cat","embeddable":true,"href":"https:\/\/www.arclite-shop.de\/en\/wp-json\/wp\/v2\/product_cat?post=350818"},{"taxonomy":"product_tag","embeddable":true,"href":"https:\/\/www.arclite-shop.de\/en\/wp-json\/wp\/v2\/product_tag?post=350818"}],"curies":[{"name":"wp","href":"https:\/\/api.w.org\/{rel}","templated":true}]}}