{"id":350810,"date":"2024-10-31T14:20:15","date_gmt":"2024-10-31T13:20:15","guid":{"rendered":"https:\/\/www.arclite-shop.de\/produkt\/02-4058075650107\/"},"modified":"2026-04-17T13:06:41","modified_gmt":"2026-04-17T11:06:41","slug":"02-4058075650107","status":"publish","type":"product","link":"https:\/\/www.arclite-shop.de\/en\/produkt\/02-4058075650107\/","title":{"rendered":"Sensors and accessories for wireless light management systems with Zigbee 3.0 technology"},"content":{"rendered":"<p>Sensor Accessories for wireless IOT Light management systems with Zigbee 3.0 technology. Produkteigenschaften: Deckenaufbau KIT f\u00fcr VIVARES ZB Sensor Familie. Anwendungsgebiete: B\u00fcros. Flure. Klassenzimmer. Schulungsr\u00e4ume. Treppenh\u00e4user.<\/p>\n","protected":false},"excerpt":{"rendered":"<p>Sensor Accessories for wireless IOT Light management systems with Zigbee 3.0 technology. Produkteigenschaften: Deckenaufbau KIT f\u00fcr VIVARES ZB Sensor Familie. Anwendungsgebiete: B\u00fcros. Flure. Klassenzimmer. Schulungsr\u00e4ume. Treppenh\u00e4user.<\/p>\n","protected":false},"featured_media":339245,"template":"","meta":[],"product_brand":[],"product_cat":[87015],"product_tag":[],"class_list":{"0":"post-350810","1":"product","2":"type-product","3":"status-publish","4":"has-post-thumbnail","6":"product_cat-lichtregelsystemkomponente-ledvance","8":"first","9":"instock","10":"taxable","11":"shipping-taxable","12":"product-type-simple"},"_links":{"self":[{"href":"https:\/\/www.arclite-shop.de\/en\/wp-json\/wp\/v2\/product\/350810","targetHints":{"allow":["GET"]}}],"collection":[{"href":"https:\/\/www.arclite-shop.de\/en\/wp-json\/wp\/v2\/product"}],"about":[{"href":"https:\/\/www.arclite-shop.de\/en\/wp-json\/wp\/v2\/types\/product"}],"wp:featuredmedia":[{"embeddable":true,"href":"https:\/\/www.arclite-shop.de\/en\/wp-json\/wp\/v2\/media\/339245"}],"wp:attachment":[{"href":"https:\/\/www.arclite-shop.de\/en\/wp-json\/wp\/v2\/media?parent=350810"}],"wp:term":[{"taxonomy":"product_brand","embeddable":true,"href":"https:\/\/www.arclite-shop.de\/en\/wp-json\/wp\/v2\/product_brand?post=350810"},{"taxonomy":"product_cat","embeddable":true,"href":"https:\/\/www.arclite-shop.de\/en\/wp-json\/wp\/v2\/product_cat?post=350810"},{"taxonomy":"product_tag","embeddable":true,"href":"https:\/\/www.arclite-shop.de\/en\/wp-json\/wp\/v2\/product_tag?post=350810"}],"curies":[{"name":"wp","href":"https:\/\/api.w.org\/{rel}","templated":true}]}}