{"id":350777,"date":"2024-10-31T14:19:52","date_gmt":"2024-10-31T13:19:52","guid":{"rendered":"https:\/\/www.arclite-shop.de\/produkt\/02-4058075633155\/"},"modified":"2026-04-17T13:52:06","modified_gmt":"2026-04-17T11:52:06","slug":"02-4058075633155","status":"publish","type":"product","link":"https:\/\/www.arclite-shop.de\/en\/produkt\/02-4058075633155\/","title":{"rendered":"LED ceiling lights with highlight effect"},"content":{"rendered":"<p>LED-Deckenleuchten mit Glanzlichteffekt. Produkteigenschaften: Deckenleuchte mit fortschrittlicher LED-Technik. Kreisf\u00f6rmige Lichtausstrahlung. Produktvorteile: Sehr homogenes Licht. Einfache und schnelle Installation. Anwendungsgebiete: Nur f\u00fcr Innenraumbeleuchtung. Dekorative Wohnbeleuchtung. Decken- und Wandanbau. Technische Ausstattung: Vollst\u00e4ndiges Montage- und Anschlusszubeh\u00f6r enthalten.<\/p>\n","protected":false},"excerpt":{"rendered":"<p>LED-Deckenleuchten mit Glanzlichteffekt. Produkteigenschaften: Deckenleuchte mit fortschrittlicher LED-Technik. Kreisf\u00f6rmige Lichtausstrahlung. Produktvorteile: Sehr homogenes Licht. Einfache und schnelle Installation. Anwendungsgebiete: Nur f\u00fcr Innenraumbeleuchtung. Dekorative Wohnbeleuchtung. Decken- und Wandanbau. Technische Ausstattung: Vollst\u00e4ndiges Montage- und Anschlusszubeh\u00f6r enthalten.<\/p>\n","protected":false},"featured_media":366028,"template":"","meta":[],"product_brand":[],"product_cat":[87052],"product_tag":[],"class_list":{"0":"post-350777","1":"product","2":"type-product","3":"status-publish","4":"has-post-thumbnail","6":"product_cat-decken-wandleuchte","8":"first","9":"instock","10":"taxable","11":"shipping-taxable","12":"product-type-simple"},"_links":{"self":[{"href":"https:\/\/www.arclite-shop.de\/en\/wp-json\/wp\/v2\/product\/350777","targetHints":{"allow":["GET"]}}],"collection":[{"href":"https:\/\/www.arclite-shop.de\/en\/wp-json\/wp\/v2\/product"}],"about":[{"href":"https:\/\/www.arclite-shop.de\/en\/wp-json\/wp\/v2\/types\/product"}],"wp:featuredmedia":[{"embeddable":true,"href":"https:\/\/www.arclite-shop.de\/en\/wp-json\/wp\/v2\/media\/366028"}],"wp:attachment":[{"href":"https:\/\/www.arclite-shop.de\/en\/wp-json\/wp\/v2\/media?parent=350777"}],"wp:term":[{"taxonomy":"product_brand","embeddable":true,"href":"https:\/\/www.arclite-shop.de\/en\/wp-json\/wp\/v2\/product_brand?post=350777"},{"taxonomy":"product_cat","embeddable":true,"href":"https:\/\/www.arclite-shop.de\/en\/wp-json\/wp\/v2\/product_cat?post=350777"},{"taxonomy":"product_tag","embeddable":true,"href":"https:\/\/www.arclite-shop.de\/en\/wp-json\/wp\/v2\/product_tag?post=350777"}],"curies":[{"name":"wp","href":"https:\/\/api.w.org\/{rel}","templated":true}]}}