{"id":350580,"date":"2024-10-31T14:17:37","date_gmt":"2024-10-31T13:17:37","guid":{"rendered":"https:\/\/www.arclite-shop.de\/produkt\/02-4058075559127\/"},"modified":"2026-04-17T17:22:11","modified_gmt":"2026-04-17T15:22:11","slug":"02-4058075559127","status":"publish","type":"product","link":"https:\/\/www.arclite-shop.de\/en\/produkt\/02-4058075559127\/","title":{"rendered":"LED replacement for KLLni with 4 pin. G24q socket for operation on the electronic ballast "},"content":{"rendered":"<p>LED-Ersatz f\u00fcr KLLni, 2\u00a0Rohre, mit 4pol. Stecksockel zum Betrieb am EVG oder Netzspannung. Produkteigenschaften: LED-Ersatz f\u00fcr herk\u00f6mmliche Kompaktleuchtstofflampen in EVG Leuchten oder an Netzspannung. Einseitiger 4-Stift-Stecksockel G24q. Drehbarer Sockel um seine L\u00e4ngsachse (\u00b1 90 \u00b0). Schutzart: IP20. Lebensdauer: bis zu 30.000 h. Quecksilberfreie Lampen. Produktvorteile: Einfacher, schneller und sicherer Lampenaustausch. Geringer Energieverbrauch. Betrieb direkt an 230 V Netzspannung m\u00f6glich. Anwendungsgebiete: Superm\u00e4rkte und Warenh\u00e4user. Flure und G\u00e4nge. Hotels, Restaurants. Au\u00dfenanwendungen nur in geeigneten Leuchten.<\/p>\n","protected":false},"excerpt":{"rendered":"<p>LED-Ersatz f\u00fcr KLLni, 2\u00a0Rohre, mit 4pol. Stecksockel zum Betrieb am EVG oder Netzspannung. Produkteigenschaften: LED-Ersatz f\u00fcr herk\u00f6mmliche Kompaktleuchtstofflampen in EVG Leuchten oder an Netzspannung. Einseitiger 4-Stift-Stecksockel G24q. Drehbarer Sockel um seine L\u00e4ngsachse (\u00b1 90 \u00b0). Schutzart: IP20. Lebensdauer: bis zu<span class=\"excerpt-hellip\"> [\u2026]<\/span><\/p>\n","protected":false},"featured_media":366298,"template":"","meta":[],"product_brand":[],"product_cat":[87060],"product_tag":[],"class_list":{"0":"post-350580","1":"product","2":"type-product","3":"status-publish","4":"has-post-thumbnail","6":"product_cat-led-lampe-multi-led","8":"first","9":"instock","10":"taxable","11":"shipping-taxable","12":"product-type-simple"},"_links":{"self":[{"href":"https:\/\/www.arclite-shop.de\/en\/wp-json\/wp\/v2\/product\/350580","targetHints":{"allow":["GET"]}}],"collection":[{"href":"https:\/\/www.arclite-shop.de\/en\/wp-json\/wp\/v2\/product"}],"about":[{"href":"https:\/\/www.arclite-shop.de\/en\/wp-json\/wp\/v2\/types\/product"}],"wp:featuredmedia":[{"embeddable":true,"href":"https:\/\/www.arclite-shop.de\/en\/wp-json\/wp\/v2\/media\/366298"}],"wp:attachment":[{"href":"https:\/\/www.arclite-shop.de\/en\/wp-json\/wp\/v2\/media?parent=350580"}],"wp:term":[{"taxonomy":"product_brand","embeddable":true,"href":"https:\/\/www.arclite-shop.de\/en\/wp-json\/wp\/v2\/product_brand?post=350580"},{"taxonomy":"product_cat","embeddable":true,"href":"https:\/\/www.arclite-shop.de\/en\/wp-json\/wp\/v2\/product_cat?post=350580"},{"taxonomy":"product_tag","embeddable":true,"href":"https:\/\/www.arclite-shop.de\/en\/wp-json\/wp\/v2\/product_tag?post=350580"}],"curies":[{"name":"wp","href":"https:\/\/api.w.org\/{rel}","templated":true}]}}