{"id":350504,"date":"2024-10-31T14:16:40","date_gmt":"2024-10-31T13:16:40","guid":{"rendered":"https:\/\/www.arclite-shop.de\/produkt\/02-4058075545113\/"},"modified":"2026-04-17T19:13:52","modified_gmt":"2026-04-17T17:13:52","slug":"02-4058075545113","status":"publish","type":"product","link":"https:\/\/www.arclite-shop.de\/en\/produkt\/02-4058075545113\/","title":{"rendered":"LED Tubes for Electronic Ballasts (ECG), Splinter Protection"},"content":{"rendered":"<p>LED-R\u00f6hren f\u00fcr elektronische Vorschaltger\u00e4te (EVG), Splitterschutz. Produkteigenschaften: T8-LED-R\u00f6hre aus Glas mit G13-Sockel. Flimmerarm nach EU 2019\/2020. Lampenr\u00f6hre aus Glas mit Splitterschutz f\u00fcr Anwendungen z.B. in der Lebensmittelindustrie. Quecksilberfrei und RoHS-konform. Schutzart: IP20. Lebensdauer: bis zu 60.000 h. Kompatibel mit vielen handels\u00fcblichen elektronischen Vorschaltger\u00e4ten (siehe auchKompatibilit\u00e4tsliste). Produktvorteile: Einfacher, schneller und sicherer Lampenaustausch ohne Umverdrahtung. Splitterschutz dank spezieller PET-Beschichtung. Auch geeignet f\u00fcr den Betrieb bei niedrigen Temperaturen. Hoher Lichtstrom f\u00fcr anspruchsvolle Beleuchtungsaufgaben. Kein Durchh\u00e4ngen dank Glastechnik. Anwendungsgebiete: Allgemeinbeleuchtung in Umgebungstemperaturen von -20\u2026+45 \u00b0C. Superm\u00e4rkte und Warenh\u00e4user. Industrie. B\u00fcros, \u00f6ffentliche Einrichtungen.<\/p>\n","protected":false},"excerpt":{"rendered":"<p>LED-R\u00f6hren f\u00fcr elektronische Vorschaltger\u00e4te (EVG), Splitterschutz. Produkteigenschaften: T8-LED-R\u00f6hre aus Glas mit G13-Sockel. Flimmerarm nach EU 2019\/2020. Lampenr\u00f6hre aus Glas mit Splitterschutz f\u00fcr Anwendungen z.B. in der Lebensmittelindustrie. Quecksilberfrei und RoHS-konform. Schutzart: IP20. Lebensdauer: bis zu 60.000 h. Kompatibel mit vielen<span class=\"excerpt-hellip\"> [\u2026]<\/span><\/p>\n","protected":false},"featured_media":366346,"template":"","meta":[],"product_brand":[],"product_cat":[87060],"product_tag":[],"class_list":{"0":"post-350504","1":"product","2":"type-product","3":"status-publish","4":"has-post-thumbnail","6":"product_cat-led-lampe-multi-led","8":"first","9":"instock","10":"taxable","11":"shipping-taxable","12":"product-type-simple"},"_links":{"self":[{"href":"https:\/\/www.arclite-shop.de\/en\/wp-json\/wp\/v2\/product\/350504","targetHints":{"allow":["GET"]}}],"collection":[{"href":"https:\/\/www.arclite-shop.de\/en\/wp-json\/wp\/v2\/product"}],"about":[{"href":"https:\/\/www.arclite-shop.de\/en\/wp-json\/wp\/v2\/types\/product"}],"wp:featuredmedia":[{"embeddable":true,"href":"https:\/\/www.arclite-shop.de\/en\/wp-json\/wp\/v2\/media\/366346"}],"wp:attachment":[{"href":"https:\/\/www.arclite-shop.de\/en\/wp-json\/wp\/v2\/media?parent=350504"}],"wp:term":[{"taxonomy":"product_brand","embeddable":true,"href":"https:\/\/www.arclite-shop.de\/en\/wp-json\/wp\/v2\/product_brand?post=350504"},{"taxonomy":"product_cat","embeddable":true,"href":"https:\/\/www.arclite-shop.de\/en\/wp-json\/wp\/v2\/product_cat?post=350504"},{"taxonomy":"product_tag","embeddable":true,"href":"https:\/\/www.arclite-shop.de\/en\/wp-json\/wp\/v2\/product_tag?post=350504"}],"curies":[{"name":"wp","href":"https:\/\/api.w.org\/{rel}","templated":true}]}}