{"id":350433,"date":"2024-10-31T14:15:52","date_gmt":"2024-10-31T13:15:52","guid":{"rendered":"https:\/\/www.arclite-shop.de\/produkt\/02-4058075540606\/"},"modified":"2026-04-20T09:10:10","modified_gmt":"2026-04-20T07:10:10","slug":"02-4058075540606","status":"publish","type":"product","link":"https:\/\/www.arclite-shop.de\/en\/produkt\/02-4058075540606\/","title":{"rendered":"Surface-mounted luminaire with flexible GU10 spotlights"},"content":{"rendered":"<p>Deckenanbau-Leuchte mit flexiblen GU10-Strahlern. Produkteigenschaften: Leuchtenfamilie umfasst f\u00fcnf Varianten mit bis zu 6 Spot-Leuchtenk\u00f6pfen. Geh\u00e4useoberfl\u00e4che aus geb\u00fcrstetem Nickel. Einstellbarer Kopf. Produktvorteile: Energieersparnis von bis zu 90 % verglichen mit Halogenlampen-Spotlights. Zeitloses Design. Vielseitig anpassbar dank austauschbaren LED Lampen. Einfache Montage. Anwendungsgebiete: Innenraumanwendungen. Korridore, Eingangsbereiche, Treppenh\u00e4user, Wohnzimmer, Keller. K\u00fcchen, Arbeitsbereiche. Decken- und Wandanbau. Technische Ausstattung: Best\u00fcckt mit OSRAM LED-Lampe EAN 4058075233263. Vollst\u00e4ndiges Montage- und Anschlusszubeh\u00f6r enthalten.<\/p>\n","protected":false},"excerpt":{"rendered":"<p>Deckenanbau-Leuchte mit flexiblen GU10-Strahlern. Produkteigenschaften: Leuchtenfamilie umfasst f\u00fcnf Varianten mit bis zu 6 Spot-Leuchtenk\u00f6pfen. Geh\u00e4useoberfl\u00e4che aus geb\u00fcrstetem Nickel. Einstellbarer Kopf. Produktvorteile: Energieersparnis von bis zu 90 % verglichen mit Halogenlampen-Spotlights. Zeitloses Design. Vielseitig anpassbar dank austauschbaren LED Lampen. Einfache Montage.<span class=\"excerpt-hellip\"> [\u2026]<\/span><\/p>\n","protected":false},"featured_media":366374,"template":"","meta":[],"product_brand":[],"product_cat":[87052],"product_tag":[],"class_list":{"0":"post-350433","1":"product","2":"type-product","3":"status-publish","4":"has-post-thumbnail","6":"product_cat-decken-wandleuchte","8":"first","9":"outofstock","10":"taxable","11":"shipping-taxable","12":"product-type-simple"},"_links":{"self":[{"href":"https:\/\/www.arclite-shop.de\/en\/wp-json\/wp\/v2\/product\/350433","targetHints":{"allow":["GET"]}}],"collection":[{"href":"https:\/\/www.arclite-shop.de\/en\/wp-json\/wp\/v2\/product"}],"about":[{"href":"https:\/\/www.arclite-shop.de\/en\/wp-json\/wp\/v2\/types\/product"}],"wp:featuredmedia":[{"embeddable":true,"href":"https:\/\/www.arclite-shop.de\/en\/wp-json\/wp\/v2\/media\/366374"}],"wp:attachment":[{"href":"https:\/\/www.arclite-shop.de\/en\/wp-json\/wp\/v2\/media?parent=350433"}],"wp:term":[{"taxonomy":"product_brand","embeddable":true,"href":"https:\/\/www.arclite-shop.de\/en\/wp-json\/wp\/v2\/product_brand?post=350433"},{"taxonomy":"product_cat","embeddable":true,"href":"https:\/\/www.arclite-shop.de\/en\/wp-json\/wp\/v2\/product_cat?post=350433"},{"taxonomy":"product_tag","embeddable":true,"href":"https:\/\/www.arclite-shop.de\/en\/wp-json\/wp\/v2\/product_tag?post=350433"}],"curies":[{"name":"wp","href":"https:\/\/api.w.org\/{rel}","templated":true}]}}