{"id":350410,"date":"2024-10-31T14:15:36","date_gmt":"2024-10-31T13:15:36","guid":{"rendered":"https:\/\/www.arclite-shop.de\/produkt\/02-4058075523838\/"},"modified":"2026-04-17T21:05:23","modified_gmt":"2026-04-17T19:05:23","slug":"02-4058075523838","status":"publish","type":"product","link":"https:\/\/www.arclite-shop.de\/en\/produkt\/02-4058075523838\/","title":{"rendered":"Decorative LED Strips with WiFi Technology"},"content":{"rendered":"<p>Dekorative LED-Strips mit WiFi-Technologie. Produkteigenschaften: Dimmbar. Flexible, biegsame LED-Lichtstreifen. RGB-Farbsteuerung, ca. 16 Mio. Farbm\u00f6glichkeiten einstellbar. Steuerbar \u00fcber LEDVANCE SMART+ WiFi App (mit mindestens Android\u2122\ufe0f 4.4 oder iOS 10.0). Stimmenkontrolle \u00fcber Hey Google oder Alexa m\u00f6glich. Das Produkt kann als Erweiterung f\u00fcr das 2M Flex Band verwendet werden. Produktvorteile: Einfache und schnelle Installation. Verwendet mehrfarbiges und kaltes oder warmwei\u00dfes Licht f\u00fcr maximal flexible Lichtszenen. Anwendungsgebiete: Wohnr\u00e4ume. Indirekte Beleuchtung. Technische Ausstattung: Steuerung \u00fcber App oder Sprachsteuerung erfordert kompatibles Smart-Home-System. F\u00fcr Steuerung \u00fcber LEDVANCE SMART + App-Smartphone (ab Android 6.0 oder ab iOS 10) erforderlich. Vollst\u00e4ndiges Montage- und Anschlusszubeh\u00f6r enthalten.<\/p>\n","protected":false},"excerpt":{"rendered":"<p>Dekorative LED-Strips mit WiFi-Technologie. Produkteigenschaften: Dimmbar. Flexible, biegsame LED-Lichtstreifen. RGB-Farbsteuerung, ca. 16 Mio. Farbm\u00f6glichkeiten einstellbar. Steuerbar \u00fcber LEDVANCE SMART+ WiFi App (mit mindestens Android\u2122\ufe0f 4.4 oder iOS 10.0). Stimmenkontrolle \u00fcber Hey Google oder Alexa m\u00f6glich. Das Produkt kann als Erweiterung<span class=\"excerpt-hellip\"> [\u2026]<\/span><\/p>\n","protected":false},"featured_media":366410,"template":"","meta":[],"product_brand":[],"product_cat":[87128],"product_tag":[],"class_list":{"0":"post-350410","1":"product","2":"type-product","3":"status-publish","4":"has-post-thumbnail","6":"product_cat-lichtschlauch-band","8":"first","9":"instock","10":"taxable","11":"shipping-taxable","12":"product-type-simple"},"_links":{"self":[{"href":"https:\/\/www.arclite-shop.de\/en\/wp-json\/wp\/v2\/product\/350410","targetHints":{"allow":["GET"]}}],"collection":[{"href":"https:\/\/www.arclite-shop.de\/en\/wp-json\/wp\/v2\/product"}],"about":[{"href":"https:\/\/www.arclite-shop.de\/en\/wp-json\/wp\/v2\/types\/product"}],"wp:featuredmedia":[{"embeddable":true,"href":"https:\/\/www.arclite-shop.de\/en\/wp-json\/wp\/v2\/media\/366410"}],"wp:attachment":[{"href":"https:\/\/www.arclite-shop.de\/en\/wp-json\/wp\/v2\/media?parent=350410"}],"wp:term":[{"taxonomy":"product_brand","embeddable":true,"href":"https:\/\/www.arclite-shop.de\/en\/wp-json\/wp\/v2\/product_brand?post=350410"},{"taxonomy":"product_cat","embeddable":true,"href":"https:\/\/www.arclite-shop.de\/en\/wp-json\/wp\/v2\/product_cat?post=350410"},{"taxonomy":"product_tag","embeddable":true,"href":"https:\/\/www.arclite-shop.de\/en\/wp-json\/wp\/v2\/product_tag?post=350410"}],"curies":[{"name":"wp","href":"https:\/\/api.w.org\/{rel}","templated":true}]}}