{"id":350381,"date":"2024-10-31T14:15:15","date_gmt":"2024-10-31T13:15:15","guid":{"rendered":"https:\/\/www.arclite-shop.de\/produkt\/02-4058075485631\/"},"modified":"2026-04-17T21:30:41","modified_gmt":"2026-04-17T19:30:41","slug":"02-4058075485631","status":"publish","type":"product","link":"https:\/\/www.arclite-shop.de\/en\/produkt\/02-4058075485631\/","title":{"rendered":"SMART+ WiFi Mini Bulb Multicolour 40 4.9 W\/2700... 6500 K E14"},"content":{"rendered":"<p>Klassische Miniballform mit WiFi-Technologie. Produkteigenschaften: Steuerbar \u00fcber LEDVANCE SMART+ WiFi App (mit mindestens Android\u2122\ufe0f 4.4 oder iOS 9.0). Steuerung \u00fcber Google Assistant oder Amazon Alexa m\u00f6glich. Lichtfarbe \u00fcber Tunable White einstellbar: Warmwei\u00df bis Kaltwei\u00df (2.700\u20266.500 K). RGB-Farbsteuerung, ca. 16 Mio. Farbm\u00f6glichkeiten einstellbar. Dimmbar. Netzwerkprotokoll: WiFi. Lebensdauer: bis zu 20.000 h. Produktvorteile: Drahtlose Steuerung \u00fcber App. Einfache Installation und Nutzung. Enth\u00e4lt kein Quecksilber. Anwendungsgebiete: Allgemeinbeleuchtung. Wohnr\u00e4ume. Gewerbe (Hotels, Bars, Boutiquen usw.). Au\u00dfenanwendungen nur in geeigneten Leuchten.<\/p>\n","protected":false},"excerpt":{"rendered":"<p>Klassische Miniballform mit WiFi-Technologie. Produkteigenschaften: Steuerbar \u00fcber LEDVANCE SMART+ WiFi App (mit mindestens Android\u2122\ufe0f 4.4 oder iOS 9.0). Steuerung \u00fcber Google Assistant oder Amazon Alexa m\u00f6glich. Lichtfarbe \u00fcber Tunable White einstellbar: Warmwei\u00df bis Kaltwei\u00df (2.700\u20266.500 K). RGB-Farbsteuerung, ca. 16 Mio.<span class=\"excerpt-hellip\"> [\u2026]<\/span><\/p>\n","protected":false},"featured_media":365660,"template":"","meta":[],"product_brand":[],"product_cat":[87060],"product_tag":[],"class_list":{"0":"post-350381","1":"product","2":"type-product","3":"status-publish","4":"has-post-thumbnail","6":"product_cat-led-lampe-multi-led","8":"first","9":"instock","10":"taxable","11":"shipping-taxable","12":"product-type-simple"},"_links":{"self":[{"href":"https:\/\/www.arclite-shop.de\/en\/wp-json\/wp\/v2\/product\/350381","targetHints":{"allow":["GET"]}}],"collection":[{"href":"https:\/\/www.arclite-shop.de\/en\/wp-json\/wp\/v2\/product"}],"about":[{"href":"https:\/\/www.arclite-shop.de\/en\/wp-json\/wp\/v2\/types\/product"}],"wp:featuredmedia":[{"embeddable":true,"href":"https:\/\/www.arclite-shop.de\/en\/wp-json\/wp\/v2\/media\/365660"}],"wp:attachment":[{"href":"https:\/\/www.arclite-shop.de\/en\/wp-json\/wp\/v2\/media?parent=350381"}],"wp:term":[{"taxonomy":"product_brand","embeddable":true,"href":"https:\/\/www.arclite-shop.de\/en\/wp-json\/wp\/v2\/product_brand?post=350381"},{"taxonomy":"product_cat","embeddable":true,"href":"https:\/\/www.arclite-shop.de\/en\/wp-json\/wp\/v2\/product_cat?post=350381"},{"taxonomy":"product_tag","embeddable":true,"href":"https:\/\/www.arclite-shop.de\/en\/wp-json\/wp\/v2\/product_tag?post=350381"}],"curies":[{"name":"wp","href":"https:\/\/api.w.org\/{rel}","templated":true}]}}