{"id":350359,"date":"2024-10-31T14:15:00","date_gmt":"2024-10-31T13:15:00","guid":{"rendered":"https:\/\/www.arclite-shop.de\/produkt\/02-4058075479951\/"},"modified":"2026-04-17T21:41:19","modified_gmt":"2026-04-17T19:41:19","slug":"02-4058075479951","status":"publish","type":"product","link":"https:\/\/www.arclite-shop.de\/en\/produkt\/02-4058075479951\/","title":{"rendered":"Surface-mounted luminaire with high luminous efficacy up to 125 lm\/W"},"content":{"rendered":"<p>Anbauleuchte mit hohem Lichtstrom. Produkteigenschaften: Sehr hohe Lichtsausbeute: bis zu 125 lm\/W. Robustes Metallgeh\u00e4use und PC Diffusor. Verdrahtung auf der R\u00fcckseite der Leuchte. Durchverdrahtung m\u00f6glich. Produktvorteile: Ersatz von konventionellen T8-Leuchten mit bis zu 7100 lm. Bis zu 60 % Energieersparnis (im Vergleich zu Leuchten, die Leuchtstofflampen nutzen). Robustes Geh\u00e4use mit IK08. 5 Jahre Garantie. Anwendungsgebiete: Direkter Ersatz f\u00fcr Leuchten mit Leuchtstofflampen. Innenraumanwendungen. Industrielle und gewerbliche Hallen. \u00d6ffentlicher Raum. Korridore,Treppenh\u00e4user, Keller. Technische Ausstattung: Inklusive Montageschrauben und D\u00fcbel.<\/p>\n","protected":false},"excerpt":{"rendered":"<p>Anbauleuchte mit hohem Lichtstrom. Produkteigenschaften: Sehr hohe Lichtsausbeute: bis zu 125 lm\/W. Robustes Metallgeh\u00e4use und PC Diffusor. Verdrahtung auf der R\u00fcckseite der Leuchte. Durchverdrahtung m\u00f6glich. Produktvorteile: Ersatz von konventionellen T8-Leuchten mit bis zu 7100 lm. Bis zu 60 % Energieersparnis<span class=\"excerpt-hellip\"> [\u2026]<\/span><\/p>\n","protected":false},"featured_media":366472,"template":"","meta":[],"product_brand":[],"product_cat":[87072],"product_tag":[],"class_list":{"0":"post-350359","1":"product","2":"type-product","3":"status-publish","4":"has-post-thumbnail","6":"product_cat-lichtleiste","8":"first","9":"instock","10":"taxable","11":"shipping-taxable","12":"product-type-simple"},"_links":{"self":[{"href":"https:\/\/www.arclite-shop.de\/en\/wp-json\/wp\/v2\/product\/350359","targetHints":{"allow":["GET"]}}],"collection":[{"href":"https:\/\/www.arclite-shop.de\/en\/wp-json\/wp\/v2\/product"}],"about":[{"href":"https:\/\/www.arclite-shop.de\/en\/wp-json\/wp\/v2\/types\/product"}],"wp:featuredmedia":[{"embeddable":true,"href":"https:\/\/www.arclite-shop.de\/en\/wp-json\/wp\/v2\/media\/366472"}],"wp:attachment":[{"href":"https:\/\/www.arclite-shop.de\/en\/wp-json\/wp\/v2\/media?parent=350359"}],"wp:term":[{"taxonomy":"product_brand","embeddable":true,"href":"https:\/\/www.arclite-shop.de\/en\/wp-json\/wp\/v2\/product_brand?post=350359"},{"taxonomy":"product_cat","embeddable":true,"href":"https:\/\/www.arclite-shop.de\/en\/wp-json\/wp\/v2\/product_cat?post=350359"},{"taxonomy":"product_tag","embeddable":true,"href":"https:\/\/www.arclite-shop.de\/en\/wp-json\/wp\/v2\/product_tag?post=350359"}],"curies":[{"name":"wp","href":"https:\/\/api.w.org\/{rel}","templated":true}]}}