{"id":350266,"date":"2024-10-31T14:13:55","date_gmt":"2024-10-31T13:13:55","guid":{"rendered":"https:\/\/www.arclite-shop.de\/produkt\/02-4058075437784\/"},"modified":"2026-04-18T00:01:26","modified_gmt":"2026-04-17T22:01:26","slug":"02-4058075437784","status":"publish","type":"product","link":"https:\/\/www.arclite-shop.de\/en\/produkt\/02-4058075437784\/","title":{"rendered":"Constant Voltage LED Driver with Long Life"},"content":{"rendered":"<p>Konstantspannungs LED-Treiber mit langer Lebensdauer. Produkteigenschaften: Verf\u00fcgbar in 30 W, 60 W, 100 W und 200 W. Integrierte Kabelklemme f\u00fcr unabh\u00e4ngige Installation. Lebensdauer: bis zu 60.000 h (bei max. tc Temperatur). Schutzart: IP20. Niedriger Ripplestrom &lt; 5%. Versorgungsspannung: 220\u2026240 V. Betriebsfrequenz: 50\/60 Hz. Betrieb mit weniger als 60 V: Sicherheitskleinspannung (SELV). Reversibler \u00dcbertemperatur-, \u00dcberlast-, Kurzschluss- und Arbeitsstromschutz. Produktvorteile: Optimiert f\u00fcr den Betrieb mit 24 V flexiblen LED-Lichtband. Bew\u00e4hrte, lange Lebensdauer bei maximal zul\u00e4ssigen Temperaturen. 5 Jahre Garantie. Wartungsfreier Betrieb und minimale Installationskosten. Schnelle und einfache Montage. Hohe Effizienz und Zuverl\u00e4ssigkeit. Anwendungsgebiete: Voutenbeleuchtung, auch bei beengten Platzverh\u00e4ltnissen. Wallwasher-Effektbeleuchtung in Wohnr\u00e4umen, Esszimmern, Schlafzimmern, Eingangsbereichen. B\u00fcros, Einkaufszentren, Krankenh\u00e4user, Restaurants, Hotels. F\u00fcr SELV-Installationen in Innenr\u00e4umen.<\/p>\n","protected":false},"excerpt":{"rendered":"<p>Konstantspannungs LED-Treiber mit langer Lebensdauer. Produkteigenschaften: Verf\u00fcgbar in 30 W, 60 W, 100 W und 200 W. Integrierte Kabelklemme f\u00fcr unabh\u00e4ngige Installation. Lebensdauer: bis zu 60.000 h (bei max. tc Temperatur). Schutzart: IP20. Niedriger Ripplestrom &lt; 5%. Versorgungsspannung: 220\u2026240 V.<span class=\"excerpt-hellip\"> [\u2026]<\/span><\/p>\n","protected":false},"featured_media":283602,"template":"","meta":[],"product_brand":[],"product_cat":[87021],"product_tag":[],"class_list":{"0":"post-350266","1":"product","2":"type-product","3":"status-publish","4":"has-post-thumbnail","6":"product_cat-led-betriebsgeraet-ledvance","8":"first","9":"instock","10":"taxable","11":"shipping-taxable","12":"product-type-simple"},"_links":{"self":[{"href":"https:\/\/www.arclite-shop.de\/en\/wp-json\/wp\/v2\/product\/350266","targetHints":{"allow":["GET"]}}],"collection":[{"href":"https:\/\/www.arclite-shop.de\/en\/wp-json\/wp\/v2\/product"}],"about":[{"href":"https:\/\/www.arclite-shop.de\/en\/wp-json\/wp\/v2\/types\/product"}],"wp:featuredmedia":[{"embeddable":true,"href":"https:\/\/www.arclite-shop.de\/en\/wp-json\/wp\/v2\/media\/283602"}],"wp:attachment":[{"href":"https:\/\/www.arclite-shop.de\/en\/wp-json\/wp\/v2\/media?parent=350266"}],"wp:term":[{"taxonomy":"product_brand","embeddable":true,"href":"https:\/\/www.arclite-shop.de\/en\/wp-json\/wp\/v2\/product_brand?post=350266"},{"taxonomy":"product_cat","embeddable":true,"href":"https:\/\/www.arclite-shop.de\/en\/wp-json\/wp\/v2\/product_cat?post=350266"},{"taxonomy":"product_tag","embeddable":true,"href":"https:\/\/www.arclite-shop.de\/en\/wp-json\/wp\/v2\/product_tag?post=350266"}],"curies":[{"name":"wp","href":"https:\/\/api.w.org\/{rel}","templated":true}]}}