{"id":350250,"date":"2024-10-31T14:13:44","date_gmt":"2024-10-31T13:13:44","guid":{"rendered":"https:\/\/www.arclite-shop.de\/produkt\/02-4058075435834\/"},"modified":"2026-04-18T00:04:20","modified_gmt":"2026-04-17T22:04:20","slug":"02-4058075435834","status":"publish","type":"product","link":"https:\/\/www.arclite-shop.de\/en\/produkt\/02-4058075435834\/","title":{"rendered":"Dimmer control with high-frequency technology"},"content":{"rendered":"<p>Dimmersteuerung mit Hochfrequenz-Technologie. Produkteigenschaften: LED 2.4 GHz Masterfunkempf\u00e4nger. 5 Kan\u00e4le f\u00fcr RGB, RGBW und Tunable White Anwendungen. Versorgungsspannung: 12 V und 24 V. Hohe Leistung pro Kanal bis zu 60 W bei 12-24 V Spannungsversorgung. Produktvorteile: Ansteuerungsm\u00f6glichkeiten \u00fcber Funkfernbedienung oder Funk-Bedieneinheit. Dimmbar durch Pulsweitenmodulation (PWM). Einfache und schnelle Anbindung dank MATCH-Funktion. Logarithmische Dimmkurve in einem Bereich von 0-100% mit einem Dimmlevel von 4096. Anwendungsgebiete: Allgemeinbeleuchtung. Architekturbeleuchtung. Dynamische Effekte in Zonen mit Publikumsverkehr. Voutenbeleuchtung. Hotels. B\u00fcros. Wohnr\u00e4ume.<\/p>\n","protected":false},"excerpt":{"rendered":"<p>Dimmersteuerung mit Hochfrequenz-Technologie. Produkteigenschaften: LED 2.4 GHz Masterfunkempf\u00e4nger. 5 Kan\u00e4le f\u00fcr RGB, RGBW und Tunable White Anwendungen. Versorgungsspannung: 12 V und 24 V. Hohe Leistung pro Kanal bis zu 60 W bei 12-24 V Spannungsversorgung. Produktvorteile: Ansteuerungsm\u00f6glichkeiten \u00fcber Funkfernbedienung oder<span class=\"excerpt-hellip\"> [\u2026]<\/span><\/p>\n","protected":false},"featured_media":339755,"template":"","meta":[],"product_brand":[],"product_cat":[87015],"product_tag":[],"class_list":{"0":"post-350250","1":"product","2":"type-product","3":"status-publish","4":"has-post-thumbnail","6":"product_cat-lichtregelsystemkomponente-ledvance","8":"first","9":"instock","10":"taxable","11":"shipping-taxable","12":"product-type-simple"},"_links":{"self":[{"href":"https:\/\/www.arclite-shop.de\/en\/wp-json\/wp\/v2\/product\/350250","targetHints":{"allow":["GET"]}}],"collection":[{"href":"https:\/\/www.arclite-shop.de\/en\/wp-json\/wp\/v2\/product"}],"about":[{"href":"https:\/\/www.arclite-shop.de\/en\/wp-json\/wp\/v2\/types\/product"}],"wp:featuredmedia":[{"embeddable":true,"href":"https:\/\/www.arclite-shop.de\/en\/wp-json\/wp\/v2\/media\/339755"}],"wp:attachment":[{"href":"https:\/\/www.arclite-shop.de\/en\/wp-json\/wp\/v2\/media?parent=350250"}],"wp:term":[{"taxonomy":"product_brand","embeddable":true,"href":"https:\/\/www.arclite-shop.de\/en\/wp-json\/wp\/v2\/product_brand?post=350250"},{"taxonomy":"product_cat","embeddable":true,"href":"https:\/\/www.arclite-shop.de\/en\/wp-json\/wp\/v2\/product_cat?post=350250"},{"taxonomy":"product_tag","embeddable":true,"href":"https:\/\/www.arclite-shop.de\/en\/wp-json\/wp\/v2\/product_tag?post=350250"}],"curies":[{"name":"wp","href":"https:\/\/api.w.org\/{rel}","templated":true}]}}