{"id":350246,"date":"2024-10-31T14:13:41","date_gmt":"2024-10-31T13:13:41","guid":{"rendered":"https:\/\/www.arclite-shop.de\/produkt\/02-4058075435476\/"},"modified":"2026-04-18T00:06:11","modified_gmt":"2026-04-17T22:06:11","slug":"02-4058075435476","status":"publish","type":"product","link":"https:\/\/www.arclite-shop.de\/en\/produkt\/02-4058075435476\/","title":{"rendered":"LED bulbs with GLOWdim effect, classic mini ball shape"},"content":{"rendered":"<p>LED-Lampen mit GLOWdim-Effekt, klassische Miniballform. Produkteigenschaften: LED-Alternative zu konventionellen Lampen. Dimmen \u00e4ndert die Lichtfarbe von Warm White (2.700 K) auf Extra Warm White (2.200 K). Gute Lichtqualit\u00e4t; Farbwiedergabeindex Ra: \u2265 80. Dimmbar. Quecksilberfreie Lampen. Produktvorteile: Sorgt beim Herunterdimmen f\u00fcr besonders warmes Licht. Steuerbar direkt \u00fcber Standard-Dimmer, keine Fernbedienung erforderlich. Einfache Kombination mit anderen GLOWdim-Produkten in einer Anwendung. Sehr lange Lebensdauer von bis zu 25.000 h. Geringer Energieverbrauch. Einfacher Lampenwechsel dank kompaktem Design. Anwendungsgebiete: Gastronomie. Historische Geb\u00e4ude. Wohnr\u00e4ume. Schiffsbeleuchtung. Einsatz im Au\u00dfenbereich nur in geeigneten Au\u00dfenleuchten.<\/p>\n","protected":false},"excerpt":{"rendered":"<p>LED-Lampen mit GLOWdim-Effekt, klassische Miniballform. Produkteigenschaften: LED-Alternative zu konventionellen Lampen. Dimmen \u00e4ndert die Lichtfarbe von Warm White (2.700 K) auf Extra Warm White (2.200 K). Gute Lichtqualit\u00e4t; Farbwiedergabeindex Ra: \u2265 80. Dimmbar. Quecksilberfreie Lampen. Produktvorteile: Sorgt beim Herunterdimmen f\u00fcr besonders<span class=\"excerpt-hellip\"> [\u2026]<\/span><\/p>\n","protected":false},"featured_media":366622,"template":"","meta":[],"product_brand":[],"product_cat":[87060],"product_tag":[],"class_list":{"0":"post-350246","1":"product","2":"type-product","3":"status-publish","4":"has-post-thumbnail","6":"product_cat-led-lampe-multi-led","8":"first","9":"instock","10":"taxable","11":"shipping-taxable","12":"product-type-simple"},"_links":{"self":[{"href":"https:\/\/www.arclite-shop.de\/en\/wp-json\/wp\/v2\/product\/350246","targetHints":{"allow":["GET"]}}],"collection":[{"href":"https:\/\/www.arclite-shop.de\/en\/wp-json\/wp\/v2\/product"}],"about":[{"href":"https:\/\/www.arclite-shop.de\/en\/wp-json\/wp\/v2\/types\/product"}],"wp:featuredmedia":[{"embeddable":true,"href":"https:\/\/www.arclite-shop.de\/en\/wp-json\/wp\/v2\/media\/366622"}],"wp:attachment":[{"href":"https:\/\/www.arclite-shop.de\/en\/wp-json\/wp\/v2\/media?parent=350246"}],"wp:term":[{"taxonomy":"product_brand","embeddable":true,"href":"https:\/\/www.arclite-shop.de\/en\/wp-json\/wp\/v2\/product_brand?post=350246"},{"taxonomy":"product_cat","embeddable":true,"href":"https:\/\/www.arclite-shop.de\/en\/wp-json\/wp\/v2\/product_cat?post=350246"},{"taxonomy":"product_tag","embeddable":true,"href":"https:\/\/www.arclite-shop.de\/en\/wp-json\/wp\/v2\/product_tag?post=350246"}],"curies":[{"name":"wp","href":"https:\/\/api.w.org\/{rel}","templated":true}]}}