{"id":350199,"date":"2024-10-31T14:13:08","date_gmt":"2024-10-31T13:13:08","guid":{"rendered":"https:\/\/www.arclite-shop.de\/produkt\/02-4058075421929\/"},"modified":"2026-04-18T01:16:19","modified_gmt":"2026-04-17T23:16:19","slug":"02-4058075421929","status":"publish","type":"product","link":"https:\/\/www.arclite-shop.de\/en\/produkt\/02-4058075421929\/","title":{"rendered":"Compact Constant Current LED Driver with DALI Dimming Interface"},"content":{"rendered":"<p>Kompakter Konstantstrom LED-Treiber mit DALI-Dimmschnittstelle. Produkteigenschaften: 1 Kanal DALI-2 zertifiziertes LED Betriebsger\u00e4t. Versorgungsspannung: 220\u2026240 V. Betrieb mit Schutzkleinspannung (SELV): &lt; 60 V. Verf\u00fcgbar mit Ausgangsstrombereich: bis zu 1.400 mA. Montageart: Unabh\u00e4ngig und Einbau in Leuchten. Produktvorteile: Geringes Flackern erm\u00f6glicht hohe Lichtqualit\u00e4t als auch guten visuellen Komfort. Push-DIM-Anwendung zur einfachen Steuerung. Hochqualitatives Dimmen von 1\u2026100 %. Geeignet f\u00fcr Notstrombeleuchtung. 5 Jahre Garantie. Anwendungsgebiete: Geeignet f\u00fcr SELV-Installationen im Innenbereich. F\u00fcr den Einsatz in Notbeleuchtungsanlagen geeignet (DC tauglich). Einbau \u00fcberCable Clamp Kitm\u00f6glich (abh\u00e4ngig von Produktversion). Lineare Lichtl\u00f6sungen f\u00fcr B\u00fcros, Bildungsst\u00e4tten, Lagerbereiche und Retail.<\/p>\n","protected":false},"excerpt":{"rendered":"<p>Kompakter Konstantstrom LED-Treiber mit DALI-Dimmschnittstelle. Produkteigenschaften: 1 Kanal DALI-2 zertifiziertes LED Betriebsger\u00e4t. Versorgungsspannung: 220\u2026240 V. Betrieb mit Schutzkleinspannung (SELV): &lt; 60 V. Verf\u00fcgbar mit Ausgangsstrombereich: bis zu 1.400 mA. Montageart: Unabh\u00e4ngig und Einbau in Leuchten. Produktvorteile: Geringes Flackern erm\u00f6glicht hohe<span class=\"excerpt-hellip\"> [\u2026]<\/span><\/p>\n","protected":false},"featured_media":283696,"template":"","meta":[],"product_brand":[],"product_cat":[87021],"product_tag":[],"class_list":{"0":"post-350199","1":"product","2":"type-product","3":"status-publish","4":"has-post-thumbnail","6":"product_cat-led-betriebsgeraet-ledvance","8":"first","9":"instock","10":"taxable","11":"shipping-taxable","12":"product-type-simple"},"_links":{"self":[{"href":"https:\/\/www.arclite-shop.de\/en\/wp-json\/wp\/v2\/product\/350199","targetHints":{"allow":["GET"]}}],"collection":[{"href":"https:\/\/www.arclite-shop.de\/en\/wp-json\/wp\/v2\/product"}],"about":[{"href":"https:\/\/www.arclite-shop.de\/en\/wp-json\/wp\/v2\/types\/product"}],"wp:featuredmedia":[{"embeddable":true,"href":"https:\/\/www.arclite-shop.de\/en\/wp-json\/wp\/v2\/media\/283696"}],"wp:attachment":[{"href":"https:\/\/www.arclite-shop.de\/en\/wp-json\/wp\/v2\/media?parent=350199"}],"wp:term":[{"taxonomy":"product_brand","embeddable":true,"href":"https:\/\/www.arclite-shop.de\/en\/wp-json\/wp\/v2\/product_brand?post=350199"},{"taxonomy":"product_cat","embeddable":true,"href":"https:\/\/www.arclite-shop.de\/en\/wp-json\/wp\/v2\/product_cat?post=350199"},{"taxonomy":"product_tag","embeddable":true,"href":"https:\/\/www.arclite-shop.de\/en\/wp-json\/wp\/v2\/product_tag?post=350199"}],"curies":[{"name":"wp","href":"https:\/\/api.w.org\/{rel}","templated":true}]}}