{"id":350198,"date":"2024-10-31T14:13:07","date_gmt":"2024-10-31T13:13:07","guid":{"rendered":"https:\/\/www.arclite-shop.de\/produkt\/02-4058075421868\/"},"modified":"2026-04-18T01:16:37","modified_gmt":"2026-04-17T23:16:37","slug":"02-4058075421868","status":"publish","type":"product","link":"https:\/\/www.arclite-shop.de\/en\/produkt\/02-4058075421868\/","title":{"rendered":"Constant Voltage LED Driver with DALI Dimming Interface"},"content":{"rendered":"<p>Konstantspannungs LED-Treiber mit DALI-Dimmschnittstelle. Produkteigenschaften: 1 Kanal DALI-2 zertifiziertes LED Betriebsger\u00e4t. Zugentlastungsgeh\u00e4use f\u00fcr unabh\u00e4ngige Montage. Betrieb mit Schutzkleinspannung (SELV): &lt; 60 V. Schutzart: IP20. Produktvorteile: Schnelle und komfortable Montage aufgrund werkzeugloser Zugentenlastungen. 5 Jahre Garantie. Geringes Flackern erm\u00f6glicht hohe Lichtqualit\u00e4t als auch guten visuellen Komfort. Push-DIM-Anwendung zur einfachen Steuerung. Optimiert f\u00fcr den Betrieb mit flexiblem 24 V LED-Strip. Anwendungsgebiete: Voutenbeleuchtung, auch bei beengten Platzverh\u00e4ltnissen. Hotels, Shops, Gastgewerbe, Wohnr\u00e4ume. Museen, Galerien. Lichtb\u00e4nder in Einzel- und Gruppenb\u00fcros. F\u00fcr den Einsatz in Notbeleuchtungsanlagen geeignet (DC tauglich).<\/p>\n","protected":false},"excerpt":{"rendered":"<p>Konstantspannungs LED-Treiber mit DALI-Dimmschnittstelle. Produkteigenschaften: 1 Kanal DALI-2 zertifiziertes LED Betriebsger\u00e4t. Zugentlastungsgeh\u00e4use f\u00fcr unabh\u00e4ngige Montage. Betrieb mit Schutzkleinspannung (SELV): &lt; 60 V. Schutzart: IP20. Produktvorteile: Schnelle und komfortable Montage aufgrund werkzeugloser Zugentenlastungen. 5 Jahre Garantie. Geringes Flackern erm\u00f6glicht hohe Lichtqualit\u00e4t<span class=\"excerpt-hellip\"> [\u2026]<\/span><\/p>\n","protected":false},"featured_media":366692,"template":"","meta":[],"product_brand":[],"product_cat":[87021],"product_tag":[],"class_list":{"0":"post-350198","1":"product","2":"type-product","3":"status-publish","4":"has-post-thumbnail","6":"product_cat-led-betriebsgeraet-ledvance","8":"first","9":"instock","10":"taxable","11":"shipping-taxable","12":"product-type-simple"},"_links":{"self":[{"href":"https:\/\/www.arclite-shop.de\/en\/wp-json\/wp\/v2\/product\/350198","targetHints":{"allow":["GET"]}}],"collection":[{"href":"https:\/\/www.arclite-shop.de\/en\/wp-json\/wp\/v2\/product"}],"about":[{"href":"https:\/\/www.arclite-shop.de\/en\/wp-json\/wp\/v2\/types\/product"}],"wp:featuredmedia":[{"embeddable":true,"href":"https:\/\/www.arclite-shop.de\/en\/wp-json\/wp\/v2\/media\/366692"}],"wp:attachment":[{"href":"https:\/\/www.arclite-shop.de\/en\/wp-json\/wp\/v2\/media?parent=350198"}],"wp:term":[{"taxonomy":"product_brand","embeddable":true,"href":"https:\/\/www.arclite-shop.de\/en\/wp-json\/wp\/v2\/product_brand?post=350198"},{"taxonomy":"product_cat","embeddable":true,"href":"https:\/\/www.arclite-shop.de\/en\/wp-json\/wp\/v2\/product_cat?post=350198"},{"taxonomy":"product_tag","embeddable":true,"href":"https:\/\/www.arclite-shop.de\/en\/wp-json\/wp\/v2\/product_tag?post=350198"}],"curies":[{"name":"wp","href":"https:\/\/api.w.org\/{rel}","templated":true}]}}