{"id":350066,"date":"2024-10-31T14:11:35","date_gmt":"2024-10-31T13:11:35","guid":{"rendered":"https:\/\/www.arclite-shop.de\/produkt\/02-4058075313170\/"},"modified":"2026-04-18T03:41:35","modified_gmt":"2026-04-18T01:41:35","slug":"02-4058075313170","status":"publish","type":"product","link":"https:\/\/www.arclite-shop.de\/en\/produkt\/02-4058075313170\/","title":{"rendered":"Driver Accessories for LED DRIVER DIP SWITCH \/ PHASE-CUT"},"content":{"rendered":"<p>Treiberzubeh\u00f6r f\u00fcr LED DRIVER DIP SWITCH \/ PHASE-CUT. Produkteigenschaften: Einfach zu installierende und flexible Kabelklemmen. Separate Kabelklemmen f\u00fcr Prim\u00e4r- und Sekund\u00e4rseite. Vormontierte, unverlierbare Schrauben. Produktvorteile: Einfache und schnelle Befestigung der Kabel. Ausreichend Platz zur Kabelverbindung. Freier Kabelanschlu\u00df durch offen stehende Deckel. Anwendungsgebiete: Downlights, flache Leuchten. Geeignet f\u00fcr unterschiedliche Kabeltypen. Geeignet f\u00fcr Anwendungen im Innenbereich. Technische Ausstattung: DR AY DS-P -CLAMP DUO geeignet f\u00fcr LED DRIVER DIP SWITCH P. DR AY DS-PFM -CLAMP DUO geeignet f\u00fcr LED DRIVER DIP SWITCH PFM. DR AY PC-PFM-CLAMP DUO geeignet f\u00fcr LED DRIVER PHASE-CUT PFM.<\/p>\n","protected":false},"excerpt":{"rendered":"<p>Treiberzubeh\u00f6r f\u00fcr LED DRIVER DIP SWITCH \/ PHASE-CUT. Produkteigenschaften: Einfach zu installierende und flexible Kabelklemmen. Separate Kabelklemmen f\u00fcr Prim\u00e4r- und Sekund\u00e4rseite. Vormontierte, unverlierbare Schrauben. Produktvorteile: Einfache und schnelle Befestigung der Kabel. Ausreichend Platz zur Kabelverbindung. Freier Kabelanschlu\u00df durch offen stehende<span class=\"excerpt-hellip\"> [\u2026]<\/span><\/p>\n","protected":false},"featured_media":339848,"template":"","meta":[],"product_brand":[],"product_cat":[87182],"product_tag":[],"class_list":{"0":"post-350066","1":"product","2":"type-product","3":"status-publish","4":"has-post-thumbnail","6":"product_cat-zubehoer-ersatzteile-fuer-led-betriebsgeraete-und-module-ledvance","8":"first","9":"instock","10":"taxable","11":"shipping-taxable","12":"product-type-simple"},"_links":{"self":[{"href":"https:\/\/www.arclite-shop.de\/en\/wp-json\/wp\/v2\/product\/350066","targetHints":{"allow":["GET"]}}],"collection":[{"href":"https:\/\/www.arclite-shop.de\/en\/wp-json\/wp\/v2\/product"}],"about":[{"href":"https:\/\/www.arclite-shop.de\/en\/wp-json\/wp\/v2\/types\/product"}],"wp:featuredmedia":[{"embeddable":true,"href":"https:\/\/www.arclite-shop.de\/en\/wp-json\/wp\/v2\/media\/339848"}],"wp:attachment":[{"href":"https:\/\/www.arclite-shop.de\/en\/wp-json\/wp\/v2\/media?parent=350066"}],"wp:term":[{"taxonomy":"product_brand","embeddable":true,"href":"https:\/\/www.arclite-shop.de\/en\/wp-json\/wp\/v2\/product_brand?post=350066"},{"taxonomy":"product_cat","embeddable":true,"href":"https:\/\/www.arclite-shop.de\/en\/wp-json\/wp\/v2\/product_cat?post=350066"},{"taxonomy":"product_tag","embeddable":true,"href":"https:\/\/www.arclite-shop.de\/en\/wp-json\/wp\/v2\/product_tag?post=350066"}],"curies":[{"name":"wp","href":"https:\/\/api.w.org\/{rel}","templated":true}]}}