{"id":349990,"date":"2024-10-31T14:10:42","date_gmt":"2024-10-31T13:10:42","guid":{"rendered":"https:\/\/www.arclite-shop.de\/produkt\/02-4058075271661\/"},"modified":"2026-05-11T12:10:31","modified_gmt":"2026-05-11T10:10:31","slug":"02-4058075271661","status":"publish","type":"product","link":"https:\/\/www.arclite-shop.de\/en\/produkt\/02-4058075271661\/","title":{"rendered":"Wall and ceiling lights"},"content":{"rendered":"<p>Wand- und Deckenleuchten. Produkteigenschaften: Helle und funktionelle LED-Au\u00dfenleuchten. Schutzart: IP54. Produktvorteile: Einfache und schnelle Installation. Energieeffizient durch LED-Technik. Anwendungsgebiete: Au\u00dfenbereiche. Keller, Garagen, Lagerhallen. Technische Ausstattung: Vollst\u00e4ndiges Montage- und Anschlusszubeh\u00f6r enthalten.<\/p>\n","protected":false},"excerpt":{"rendered":"<p>Wand- und Deckenleuchten. Produkteigenschaften: Helle und funktionelle LED-Au\u00dfenleuchten. Schutzart: IP54. Produktvorteile: Einfache und schnelle Installation. Energieeffizient durch LED-Technik. Anwendungsgebiete: Au\u00dfenbereiche. Keller, Garagen, Lagerhallen. Technische Ausstattung: Vollst\u00e4ndiges Montage- und Anschlusszubeh\u00f6r enthalten.<\/p>\n","protected":false},"featured_media":366924,"template":"","meta":[],"product_brand":[],"product_cat":[87052],"product_tag":[],"class_list":{"0":"post-349990","1":"product","2":"type-product","3":"status-publish","4":"has-post-thumbnail","6":"product_cat-decken-wandleuchte","8":"first","9":"instock","10":"taxable","11":"shipping-taxable","12":"product-type-simple"},"_links":{"self":[{"href":"https:\/\/www.arclite-shop.de\/en\/wp-json\/wp\/v2\/product\/349990","targetHints":{"allow":["GET"]}}],"collection":[{"href":"https:\/\/www.arclite-shop.de\/en\/wp-json\/wp\/v2\/product"}],"about":[{"href":"https:\/\/www.arclite-shop.de\/en\/wp-json\/wp\/v2\/types\/product"}],"wp:featuredmedia":[{"embeddable":true,"href":"https:\/\/www.arclite-shop.de\/en\/wp-json\/wp\/v2\/media\/366924"}],"wp:attachment":[{"href":"https:\/\/www.arclite-shop.de\/en\/wp-json\/wp\/v2\/media?parent=349990"}],"wp:term":[{"taxonomy":"product_brand","embeddable":true,"href":"https:\/\/www.arclite-shop.de\/en\/wp-json\/wp\/v2\/product_brand?post=349990"},{"taxonomy":"product_cat","embeddable":true,"href":"https:\/\/www.arclite-shop.de\/en\/wp-json\/wp\/v2\/product_cat?post=349990"},{"taxonomy":"product_tag","embeddable":true,"href":"https:\/\/www.arclite-shop.de\/en\/wp-json\/wp\/v2\/product_tag?post=349990"}],"curies":[{"name":"wp","href":"https:\/\/api.w.org\/{rel}","templated":true}]}}