{"id":349975,"date":"2024-10-31T14:10:31","date_gmt":"2024-10-31T13:10:31","guid":{"rendered":"https:\/\/www.arclite-shop.de\/produkt\/02-4058075268302\/"},"modified":"2026-04-18T04:10:45","modified_gmt":"2026-04-18T02:10:45","slug":"02-4058075268302","status":"publish","type":"product","link":"https:\/\/www.arclite-shop.de\/en\/produkt\/02-4058075268302\/","title":{"rendered":"Rectangular low-voltage under-cabinet luminaires"},"content":{"rendered":"<p>Rechteckige Niedervolt-Unterbauleuchten. Produkteigenschaften: Lichtstrom: bis zu 450 lm. Ein- und Ausschalten durch Bewegungen mit 5 cm Abstand vor dem Infrarot-Bewegungssensor. Stufenloses Dimmen durch Abdecken des Infrarot-Bewegungssensor in 5 cm Abstand f\u00fcr mind eine Sekunde. Material: Aluminium. Produktfarbe: Wei\u00df. Verf\u00fcgbar als einfaches und doppeltes Leuchten-Set. Produktvorteile: Niedervoltleuchte f\u00fcr DC-Betrieb mit externem Treiber. Sehr schlanke Form. Homogene Lichtverteilung. Einfache und schnelle Befestigung auf fast jeder Oberfl\u00e4che (Klebestreifen oder Schrauben). Anwendungsgebiete: Regal- und Unterbaubeleuchtung. Technische Ausstattung: Externer Netzadapter (Kabell\u00e4nge: 1,5 m) enthalten.<\/p>\n","protected":false},"excerpt":{"rendered":"<p>Rechteckige Niedervolt-Unterbauleuchten. Produkteigenschaften: Lichtstrom: bis zu 450 lm. Ein- und Ausschalten durch Bewegungen mit 5 cm Abstand vor dem Infrarot-Bewegungssensor. Stufenloses Dimmen durch Abdecken des Infrarot-Bewegungssensor in 5 cm Abstand f\u00fcr mind eine Sekunde. Material: Aluminium. Produktfarbe: Wei\u00df. Verf\u00fcgbar als<span class=\"excerpt-hellip\"> [\u2026]<\/span><\/p>\n","protected":false},"featured_media":366958,"template":"","meta":[],"product_brand":[],"product_cat":[87052],"product_tag":[],"class_list":{"0":"post-349975","1":"product","2":"type-product","3":"status-publish","4":"has-post-thumbnail","6":"product_cat-decken-wandleuchte","8":"first","9":"instock","10":"taxable","11":"shipping-taxable","12":"product-type-simple"},"_links":{"self":[{"href":"https:\/\/www.arclite-shop.de\/en\/wp-json\/wp\/v2\/product\/349975","targetHints":{"allow":["GET"]}}],"collection":[{"href":"https:\/\/www.arclite-shop.de\/en\/wp-json\/wp\/v2\/product"}],"about":[{"href":"https:\/\/www.arclite-shop.de\/en\/wp-json\/wp\/v2\/types\/product"}],"wp:featuredmedia":[{"embeddable":true,"href":"https:\/\/www.arclite-shop.de\/en\/wp-json\/wp\/v2\/media\/366958"}],"wp:attachment":[{"href":"https:\/\/www.arclite-shop.de\/en\/wp-json\/wp\/v2\/media?parent=349975"}],"wp:term":[{"taxonomy":"product_brand","embeddable":true,"href":"https:\/\/www.arclite-shop.de\/en\/wp-json\/wp\/v2\/product_brand?post=349975"},{"taxonomy":"product_cat","embeddable":true,"href":"https:\/\/www.arclite-shop.de\/en\/wp-json\/wp\/v2\/product_cat?post=349975"},{"taxonomy":"product_tag","embeddable":true,"href":"https:\/\/www.arclite-shop.de\/en\/wp-json\/wp\/v2\/product_tag?post=349975"}],"curies":[{"name":"wp","href":"https:\/\/api.w.org\/{rel}","templated":true}]}}