{"id":349966,"date":"2024-10-31T14:10:25","date_gmt":"2024-10-31T13:10:25","guid":{"rendered":"https:\/\/www.arclite-shop.de\/produkt\/02-4058075244818\/"},"modified":"2026-04-18T04:14:51","modified_gmt":"2026-04-18T02:14:51","slug":"02-4058075244818","status":"publish","type":"product","link":"https:\/\/www.arclite-shop.de\/en\/produkt\/02-4058075244818\/","title":{"rendered":"Stand-alone motion and light sensors for wall mounting with 360\u00b0 motion detection"},"content":{"rendered":"<p>Stand-alone Bewegungs-und Lichtsensoren f\u00fcr Wandmontage mit 360\u00b0 Bewegungserfassung. Produkteigenschaften: 3 Einstellm\u00f6glichkeiten w\u00e4hlbar (Licht permanent an, Einschalten bei Bewegung oder D\u00e4mmerung). Nulldurchgangsschaltung f\u00fcr optimierten LED Leuchtenbetrieb. Schutzart: IP55. Schutzklasse: II. Produktvorteile: Sensor f\u00fcr hohe Energieeinsparung. Anwendungsgebiete: Au\u00dfenbereiche. Korridore, Eingangsbereiche. Garagen. Keller. Arkadeng\u00e4nge. Verschiedene Montagem\u00f6glichkeiten.<\/p>\n","protected":false},"excerpt":{"rendered":"<p>Stand-alone Bewegungs-und Lichtsensoren f\u00fcr Wandmontage mit 360\u00b0 Bewegungserfassung. Produkteigenschaften: 3 Einstellm\u00f6glichkeiten w\u00e4hlbar (Licht permanent an, Einschalten bei Bewegung oder D\u00e4mmerung). Nulldurchgangsschaltung f\u00fcr optimierten LED Leuchtenbetrieb. Schutzart: IP55. Schutzklasse: II. Produktvorteile: Sensor f\u00fcr hohe Energieeinsparung. Anwendungsgebiete: Au\u00dfenbereiche. Korridore, Eingangsbereiche. Garagen. Keller.<span class=\"excerpt-hellip\"> [\u2026]<\/span><\/p>\n","protected":false},"featured_media":366968,"template":"","meta":[],"product_brand":[],"product_cat":[87127],"product_tag":[],"class_list":{"0":"post-349966","1":"product","2":"type-product","3":"status-publish","4":"has-post-thumbnail","6":"product_cat-bewegungsmelder-sensor","8":"first","9":"instock","10":"taxable","11":"shipping-taxable","12":"product-type-simple"},"_links":{"self":[{"href":"https:\/\/www.arclite-shop.de\/en\/wp-json\/wp\/v2\/product\/349966","targetHints":{"allow":["GET"]}}],"collection":[{"href":"https:\/\/www.arclite-shop.de\/en\/wp-json\/wp\/v2\/product"}],"about":[{"href":"https:\/\/www.arclite-shop.de\/en\/wp-json\/wp\/v2\/types\/product"}],"wp:featuredmedia":[{"embeddable":true,"href":"https:\/\/www.arclite-shop.de\/en\/wp-json\/wp\/v2\/media\/366968"}],"wp:attachment":[{"href":"https:\/\/www.arclite-shop.de\/en\/wp-json\/wp\/v2\/media?parent=349966"}],"wp:term":[{"taxonomy":"product_brand","embeddable":true,"href":"https:\/\/www.arclite-shop.de\/en\/wp-json\/wp\/v2\/product_brand?post=349966"},{"taxonomy":"product_cat","embeddable":true,"href":"https:\/\/www.arclite-shop.de\/en\/wp-json\/wp\/v2\/product_cat?post=349966"},{"taxonomy":"product_tag","embeddable":true,"href":"https:\/\/www.arclite-shop.de\/en\/wp-json\/wp\/v2\/product_tag?post=349966"}],"curies":[{"name":"wp","href":"https:\/\/api.w.org\/{rel}","templated":true}]}}