{"id":349961,"date":"2024-10-31T14:10:21","date_gmt":"2024-10-31T13:10:21","guid":{"rendered":"https:\/\/www.arclite-shop.de\/produkt\/02-4058075244719\/"},"modified":"2026-04-18T04:18:17","modified_gmt":"2026-04-18T02:18:17","slug":"02-4058075244719","status":"publish","type":"product","link":"https:\/\/www.arclite-shop.de\/en\/produkt\/02-4058075244719\/","title":{"rendered":"Stand-alone motion and light sensors for ceiling mounting"},"content":{"rendered":"<p>Stand-alone Bewegungs-und Lichtsensoren f\u00fcr Deckenmontage. Produkteigenschaften: 2 Einstellm\u00f6glichkeiten w\u00e4hlbar (Licht 6h permanent an, Einschalten bei Bewegung). Schutzart: IP44. Schutzklasse: II. Produktvorteile: Sensor f\u00fcr hohe Energieeinsparung. Kompaktes Design. Anwendungsgebiete: Innenbereich. Treppenh\u00e4user. Keller. Toiletten.<\/p>\n","protected":false},"excerpt":{"rendered":"<p>Stand-alone Bewegungs-und Lichtsensoren f\u00fcr Deckenmontage. Produkteigenschaften: 2 Einstellm\u00f6glichkeiten w\u00e4hlbar (Licht 6h permanent an, Einschalten bei Bewegung). Schutzart: IP44. Schutzklasse: II. Produktvorteile: Sensor f\u00fcr hohe Energieeinsparung. Kompaktes Design. Anwendungsgebiete: Innenbereich. Treppenh\u00e4user. Keller. Toiletten.<\/p>\n","protected":false},"featured_media":366982,"template":"","meta":[],"product_brand":[],"product_cat":[87127],"product_tag":[],"class_list":{"0":"post-349961","1":"product","2":"type-product","3":"status-publish","4":"has-post-thumbnail","6":"product_cat-bewegungsmelder-sensor","8":"first","9":"instock","10":"taxable","11":"shipping-taxable","12":"product-type-simple"},"_links":{"self":[{"href":"https:\/\/www.arclite-shop.de\/en\/wp-json\/wp\/v2\/product\/349961","targetHints":{"allow":["GET"]}}],"collection":[{"href":"https:\/\/www.arclite-shop.de\/en\/wp-json\/wp\/v2\/product"}],"about":[{"href":"https:\/\/www.arclite-shop.de\/en\/wp-json\/wp\/v2\/types\/product"}],"wp:featuredmedia":[{"embeddable":true,"href":"https:\/\/www.arclite-shop.de\/en\/wp-json\/wp\/v2\/media\/366982"}],"wp:attachment":[{"href":"https:\/\/www.arclite-shop.de\/en\/wp-json\/wp\/v2\/media?parent=349961"}],"wp:term":[{"taxonomy":"product_brand","embeddable":true,"href":"https:\/\/www.arclite-shop.de\/en\/wp-json\/wp\/v2\/product_brand?post=349961"},{"taxonomy":"product_cat","embeddable":true,"href":"https:\/\/www.arclite-shop.de\/en\/wp-json\/wp\/v2\/product_cat?post=349961"},{"taxonomy":"product_tag","embeddable":true,"href":"https:\/\/www.arclite-shop.de\/en\/wp-json\/wp\/v2\/product_tag?post=349961"}],"curies":[{"name":"wp","href":"https:\/\/api.w.org\/{rel}","templated":true}]}}