{"id":349960,"date":"2024-10-31T14:10:21","date_gmt":"2024-10-31T13:10:21","guid":{"rendered":"https:\/\/www.arclite-shop.de\/produkt\/02-4058075240315\/"},"modified":"2026-04-18T04:17:49","modified_gmt":"2026-04-18T02:17:49","slug":"02-4058075240315","status":"publish","type":"product","link":"https:\/\/www.arclite-shop.de\/en\/produkt\/02-4058075240315\/","title":{"rendered":"Stand-alone motion and light sensors for flush ceiling mounting"},"content":{"rendered":"<p>Stand-alone Bewegungs-und Lichtsensoren f\u00fcr b\u00fcndige Deckenmontage. Produkteigenschaften: 2 Einstellm\u00f6glichkeiten w\u00e4hlbar (Licht 6h permanent an, Einschalten bei Bewegung). Schutzart: IP20. Schutzklasse: II. Produktvorteile: Sensor f\u00fcr hohe Energieeinsparung. Kompaktes Design. Anwendungsgebiete: Innenbereich. Treppenh\u00e4user. Keller. Toiletten.<\/p>\n","protected":false},"excerpt":{"rendered":"<p>Stand-alone Bewegungs-und Lichtsensoren f\u00fcr b\u00fcndige Deckenmontage. Produkteigenschaften: 2 Einstellm\u00f6glichkeiten w\u00e4hlbar (Licht 6h permanent an, Einschalten bei Bewegung). Schutzart: IP20. Schutzklasse: II. Produktvorteile: Sensor f\u00fcr hohe Energieeinsparung. Kompaktes Design. Anwendungsgebiete: Innenbereich. Treppenh\u00e4user. Keller. Toiletten.<\/p>\n","protected":false},"featured_media":366980,"template":"","meta":[],"product_brand":[],"product_cat":[87127],"product_tag":[],"class_list":{"0":"post-349960","1":"product","2":"type-product","3":"status-publish","4":"has-post-thumbnail","6":"product_cat-bewegungsmelder-sensor","8":"first","9":"instock","10":"taxable","11":"shipping-taxable","12":"product-type-simple"},"_links":{"self":[{"href":"https:\/\/www.arclite-shop.de\/en\/wp-json\/wp\/v2\/product\/349960","targetHints":{"allow":["GET"]}}],"collection":[{"href":"https:\/\/www.arclite-shop.de\/en\/wp-json\/wp\/v2\/product"}],"about":[{"href":"https:\/\/www.arclite-shop.de\/en\/wp-json\/wp\/v2\/types\/product"}],"wp:featuredmedia":[{"embeddable":true,"href":"https:\/\/www.arclite-shop.de\/en\/wp-json\/wp\/v2\/media\/366980"}],"wp:attachment":[{"href":"https:\/\/www.arclite-shop.de\/en\/wp-json\/wp\/v2\/media?parent=349960"}],"wp:term":[{"taxonomy":"product_brand","embeddable":true,"href":"https:\/\/www.arclite-shop.de\/en\/wp-json\/wp\/v2\/product_brand?post=349960"},{"taxonomy":"product_cat","embeddable":true,"href":"https:\/\/www.arclite-shop.de\/en\/wp-json\/wp\/v2\/product_cat?post=349960"},{"taxonomy":"product_tag","embeddable":true,"href":"https:\/\/www.arclite-shop.de\/en\/wp-json\/wp\/v2\/product_tag?post=349960"}],"curies":[{"name":"wp","href":"https:\/\/api.w.org\/{rel}","templated":true}]}}