{"id":349926,"date":"2024-10-31T14:09:57","date_gmt":"2024-10-31T13:09:57","guid":{"rendered":"https:\/\/www.arclite-shop.de\/produkt\/02-4058075214071\/"},"modified":"2026-04-18T04:33:43","modified_gmt":"2026-04-18T02:33:43","slug":"02-4058075214071","status":"publish","type":"product","link":"https:\/\/www.arclite-shop.de\/en\/produkt\/02-4058075214071\/","title":{"rendered":"Luminaire with classic shape and light emission at the top and bottom"},"content":{"rendered":"<p>Leuchte mit klassischer Form und Lichtaustritt oben und unten. Produkteigenschaften: Sehr helle und funktionelle LED-Au\u00dfenleuchten. Geh\u00e4use aus Aluminiumdruckguss. Verf\u00fcgbar in zwei Geh\u00e4usefarben. Produktvorteile: Energieeffizient durch LED-Technik. Einfache und schnelle Installation. Anwendungsgebiete: Au\u00dfenanwendung (IP44). Anstrahlung von Fassaden. Dekorative Beleuchtung. Technische Ausstattung: Vollst\u00e4ndiges Montage- und Anschlusszubeh\u00f6r enthalten.<\/p>\n","protected":false},"excerpt":{"rendered":"<p>Leuchte mit klassischer Form und Lichtaustritt oben und unten. Produkteigenschaften: Sehr helle und funktionelle LED-Au\u00dfenleuchten. Geh\u00e4use aus Aluminiumdruckguss. Verf\u00fcgbar in zwei Geh\u00e4usefarben. Produktvorteile: Energieeffizient durch LED-Technik. Einfache und schnelle Installation. Anwendungsgebiete: Au\u00dfenanwendung (IP44). Anstrahlung von Fassaden. Dekorative Beleuchtung. Technische Ausstattung:<span class=\"excerpt-hellip\"> [\u2026]<\/span><\/p>\n","protected":false},"featured_media":367036,"template":"","meta":[],"product_brand":[],"product_cat":[87052],"product_tag":[],"class_list":{"0":"post-349926","1":"product","2":"type-product","3":"status-publish","4":"has-post-thumbnail","6":"product_cat-decken-wandleuchte","8":"first","9":"instock","10":"taxable","11":"shipping-taxable","12":"product-type-simple"},"_links":{"self":[{"href":"https:\/\/www.arclite-shop.de\/en\/wp-json\/wp\/v2\/product\/349926","targetHints":{"allow":["GET"]}}],"collection":[{"href":"https:\/\/www.arclite-shop.de\/en\/wp-json\/wp\/v2\/product"}],"about":[{"href":"https:\/\/www.arclite-shop.de\/en\/wp-json\/wp\/v2\/types\/product"}],"wp:featuredmedia":[{"embeddable":true,"href":"https:\/\/www.arclite-shop.de\/en\/wp-json\/wp\/v2\/media\/367036"}],"wp:attachment":[{"href":"https:\/\/www.arclite-shop.de\/en\/wp-json\/wp\/v2\/media?parent=349926"}],"wp:term":[{"taxonomy":"product_brand","embeddable":true,"href":"https:\/\/www.arclite-shop.de\/en\/wp-json\/wp\/v2\/product_brand?post=349926"},{"taxonomy":"product_cat","embeddable":true,"href":"https:\/\/www.arclite-shop.de\/en\/wp-json\/wp\/v2\/product_cat?post=349926"},{"taxonomy":"product_tag","embeddable":true,"href":"https:\/\/www.arclite-shop.de\/en\/wp-json\/wp\/v2\/product_tag?post=349926"}],"curies":[{"name":"wp","href":"https:\/\/api.w.org\/{rel}","templated":true}]}}