{"id":349910,"date":"2024-10-31T14:09:46","date_gmt":"2024-10-31T13:09:46","guid":{"rendered":"https:\/\/www.arclite-shop.de\/produkt\/02-4058075210028\/"},"modified":"2026-04-18T04:54:19","modified_gmt":"2026-04-18T02:54:19","slug":"02-4058075210028","status":"publish","type":"product","link":"https:\/\/www.arclite-shop.de\/en\/produkt\/02-4058075210028\/","title":{"rendered":"Moisture-proof luminaire, through-wired (L, N, E)"},"content":{"rendered":"<p>Feuchtraumleuchte, durchverdrahtet (L, N, E). Produkteigenschaften: Hohe Lichtausbeute: bis zu 120 lm\/W. Schutzart: IP66. Ausstrahlungswinkel: 120\u00b0. Durchverdrahtung 3&#215;1,5mm\u00b2 bereits installiert. Geh\u00e4use aus Polycarbonat. Produktvorteile: Gleichm\u00e4\u00dfige Lichtverteilung. Bis zu 50 % Energieersparnis (verglichen mit Leuchten, die Leuchtstofflampen verwenden). Einfache Installation dank Montageklammern, die frei an der Leuchte positioniert werden k\u00f6nnen. Einfacher Zugang zum Anschlussterminal dank Endkappe mit Twist-and-Lock-Mechanismus. Werkzeugloser elektrischer Anschluss dank Push-Button-Anschlussklemme. 5 Jahre Garantie. Anwendungsgebiete: Industrie- und Lagerareale. Parkpl\u00e4tze und Unterf\u00fchrungen. Garagen. Werkst\u00e4tten, Fertigungsstra\u00dfen. Technische Ausstattung: Klammern aus Edelstahl und Sicherheitsschrauben enthalten. Montagezubeh\u00f6r enthalten (Abh\u00e4ngungs-Kit, Diebstahlschutz-Kit).<\/p>\n","protected":false},"excerpt":{"rendered":"<p>Feuchtraumleuchte, durchverdrahtet (L, N, E). Produkteigenschaften: Hohe Lichtausbeute: bis zu 120 lm\/W. Schutzart: IP66. Ausstrahlungswinkel: 120\u00b0. Durchverdrahtung 3&#215;1,5mm\u00b2 bereits installiert. Geh\u00e4use aus Polycarbonat. Produktvorteile: Gleichm\u00e4\u00dfige Lichtverteilung. Bis zu 50 % Energieersparnis (verglichen mit Leuchten, die Leuchtstofflampen verwenden). Einfache Installation dank<span class=\"excerpt-hellip\"> [\u2026]<\/span><\/p>\n","protected":false},"featured_media":366680,"template":"","meta":[],"product_brand":[],"product_cat":[87052],"product_tag":[],"class_list":{"0":"post-349910","1":"product","2":"type-product","3":"status-publish","4":"has-post-thumbnail","6":"product_cat-decken-wandleuchte","8":"first","9":"instock","10":"taxable","11":"shipping-taxable","12":"product-type-simple"},"_links":{"self":[{"href":"https:\/\/www.arclite-shop.de\/en\/wp-json\/wp\/v2\/product\/349910","targetHints":{"allow":["GET"]}}],"collection":[{"href":"https:\/\/www.arclite-shop.de\/en\/wp-json\/wp\/v2\/product"}],"about":[{"href":"https:\/\/www.arclite-shop.de\/en\/wp-json\/wp\/v2\/types\/product"}],"wp:featuredmedia":[{"embeddable":true,"href":"https:\/\/www.arclite-shop.de\/en\/wp-json\/wp\/v2\/media\/366680"}],"wp:attachment":[{"href":"https:\/\/www.arclite-shop.de\/en\/wp-json\/wp\/v2\/media?parent=349910"}],"wp:term":[{"taxonomy":"product_brand","embeddable":true,"href":"https:\/\/www.arclite-shop.de\/en\/wp-json\/wp\/v2\/product_brand?post=349910"},{"taxonomy":"product_cat","embeddable":true,"href":"https:\/\/www.arclite-shop.de\/en\/wp-json\/wp\/v2\/product_cat?post=349910"},{"taxonomy":"product_tag","embeddable":true,"href":"https:\/\/www.arclite-shop.de\/en\/wp-json\/wp\/v2\/product_tag?post=349910"}],"curies":[{"name":"wp","href":"https:\/\/api.w.org\/{rel}","templated":true}]}}