{"id":349906,"date":"2024-10-31T14:09:43","date_gmt":"2024-10-31T13:09:43","guid":{"rendered":"https:\/\/www.arclite-shop.de\/produkt\/02-4058075206625\/"},"modified":"2026-05-11T12:10:34","modified_gmt":"2026-05-11T10:10:34","slug":"02-4058075206625","status":"publish","type":"product","link":"https:\/\/www.arclite-shop.de\/en\/produkt\/02-4058075206625\/","title":{"rendered":"Classic square lantern"},"content":{"rendered":"<p>Klassische Laterne in Vierkantform. Produkteigenschaften: Geh\u00e4use aus Aluminiumdruckguss. Diffuser aus klarem Glas. Schutzart: IP23. Produktvorteile: Hohe Flexibilit\u00e4t bei der Wahl des Leuchtmittels dank E27-Fassung. Geeignet f\u00fcr smarte Anwendungen dank Kompatibilit\u00e4t mit Smart+ Lampen von LEDVANCE. Einfache und schnelle Installation. Anwendungsgebiete: Nur f\u00fcr besonders gesch\u00fctzte Au\u00dfenbereiche. Geeignet f\u00fcr Au\u00dfenanwendungen bei Leuchtenmontage mit nach unten gerichteter Lampenfassung. Eingangsbeleuchtung. Terrassen, Balkone. Technische Ausstattung: Vollst\u00e4ndiges Montage- und Anschlusszubeh\u00f6r enthalten. Keine Leuchtmittel enthalten.<\/p>\n","protected":false},"excerpt":{"rendered":"<p>Klassische Laterne in Vierkantform. Produkteigenschaften: Geh\u00e4use aus Aluminiumdruckguss. Diffuser aus klarem Glas. Schutzart: IP23. Produktvorteile: Hohe Flexibilit\u00e4t bei der Wahl des Leuchtmittels dank E27-Fassung. Geeignet f\u00fcr smarte Anwendungen dank Kompatibilit\u00e4t mit Smart+ Lampen von LEDVANCE. Einfache und schnelle Installation. Anwendungsgebiete:<span class=\"excerpt-hellip\"> [\u2026]<\/span><\/p>\n","protected":false},"featured_media":367064,"template":"","meta":[],"product_brand":[],"product_cat":[87052],"product_tag":[],"class_list":{"0":"post-349906","1":"product","2":"type-product","3":"status-publish","4":"has-post-thumbnail","6":"product_cat-decken-wandleuchte","8":"first","9":"instock","10":"taxable","11":"shipping-taxable","12":"product-type-simple"},"_links":{"self":[{"href":"https:\/\/www.arclite-shop.de\/en\/wp-json\/wp\/v2\/product\/349906","targetHints":{"allow":["GET"]}}],"collection":[{"href":"https:\/\/www.arclite-shop.de\/en\/wp-json\/wp\/v2\/product"}],"about":[{"href":"https:\/\/www.arclite-shop.de\/en\/wp-json\/wp\/v2\/types\/product"}],"wp:featuredmedia":[{"embeddable":true,"href":"https:\/\/www.arclite-shop.de\/en\/wp-json\/wp\/v2\/media\/367064"}],"wp:attachment":[{"href":"https:\/\/www.arclite-shop.de\/en\/wp-json\/wp\/v2\/media?parent=349906"}],"wp:term":[{"taxonomy":"product_brand","embeddable":true,"href":"https:\/\/www.arclite-shop.de\/en\/wp-json\/wp\/v2\/product_brand?post=349906"},{"taxonomy":"product_cat","embeddable":true,"href":"https:\/\/www.arclite-shop.de\/en\/wp-json\/wp\/v2\/product_cat?post=349906"},{"taxonomy":"product_tag","embeddable":true,"href":"https:\/\/www.arclite-shop.de\/en\/wp-json\/wp\/v2\/product_tag?post=349906"}],"curies":[{"name":"wp","href":"https:\/\/api.w.org\/{rel}","templated":true}]}}