{"id":349877,"date":"2024-10-31T14:09:24","date_gmt":"2024-10-31T13:09:24","guid":{"rendered":"https:\/\/www.arclite-shop.de\/produkt\/02-4058075158030\/"},"modified":"2026-04-18T05:19:10","modified_gmt":"2026-04-18T03:19:10","slug":"02-4058075158030","status":"publish","type":"product","link":"https:\/\/www.arclite-shop.de\/en\/produkt\/02-4058075158030\/","title":{"rendered":"Cable and plug connection set for continuous lighting installation"},"content":{"rendered":"<p>Kabel- und Steckverbindungs-Set f\u00fcr Lichtbandinstallation. Produkteigenschaften: Durchverdrahtungssatz f\u00fcr Lichtb\u00e4nder (3 x 1,5 mm\u00b2 Kabel mit AC-Stecker, L\u00e4nge: 1.2 m oder 1.5 m). Anschlusskabel f\u00fcr Lichtbandmontage mit AC-Stecker. Durchverdrahtungssatz f\u00fcr DALI (2 x 0,5 mm\u00b2 Kabel mit AC-Stecker, L\u00e4nge: 1.2 m oder 1.5 m). Produktvorteile: Einfacher und schneller elektrischer Anschluss f\u00fcr die Lichtbandinstallation. Durchverdrahtung mit AC-Stecker.<\/p>\n","protected":false},"excerpt":{"rendered":"<p>Kabel- und Steckverbindungs-Set f\u00fcr Lichtbandinstallation. Produkteigenschaften: Durchverdrahtungssatz f\u00fcr Lichtb\u00e4nder (3 x 1,5 mm\u00b2 Kabel mit AC-Stecker, L\u00e4nge: 1.2 m oder 1.5 m). Anschlusskabel f\u00fcr Lichtbandmontage mit AC-Stecker. Durchverdrahtungssatz f\u00fcr DALI (2 x 0,5 mm\u00b2 Kabel mit AC-Stecker, L\u00e4nge: 1.2 m<span class=\"excerpt-hellip\"> [\u2026]<\/span><\/p>\n","protected":false},"featured_media":367096,"template":"","meta":[],"product_brand":[],"product_cat":[95268],"product_tag":[],"class_list":{"0":"post-349877","1":"product","2":"type-product","3":"status-publish","4":"has-post-thumbnail","6":"product_cat-elektrisches-zubehoer-ersatzteile-fuer-leuchten-ledvance","8":"first","9":"instock","10":"taxable","11":"shipping-taxable","12":"product-type-simple"},"_links":{"self":[{"href":"https:\/\/www.arclite-shop.de\/en\/wp-json\/wp\/v2\/product\/349877","targetHints":{"allow":["GET"]}}],"collection":[{"href":"https:\/\/www.arclite-shop.de\/en\/wp-json\/wp\/v2\/product"}],"about":[{"href":"https:\/\/www.arclite-shop.de\/en\/wp-json\/wp\/v2\/types\/product"}],"wp:featuredmedia":[{"embeddable":true,"href":"https:\/\/www.arclite-shop.de\/en\/wp-json\/wp\/v2\/media\/367096"}],"wp:attachment":[{"href":"https:\/\/www.arclite-shop.de\/en\/wp-json\/wp\/v2\/media?parent=349877"}],"wp:term":[{"taxonomy":"product_brand","embeddable":true,"href":"https:\/\/www.arclite-shop.de\/en\/wp-json\/wp\/v2\/product_brand?post=349877"},{"taxonomy":"product_cat","embeddable":true,"href":"https:\/\/www.arclite-shop.de\/en\/wp-json\/wp\/v2\/product_cat?post=349877"},{"taxonomy":"product_tag","embeddable":true,"href":"https:\/\/www.arclite-shop.de\/en\/wp-json\/wp\/v2\/product_tag?post=349877"}],"curies":[{"name":"wp","href":"https:\/\/api.w.org\/{rel}","templated":true}]}}