{"id":349869,"date":"2024-10-31T14:09:19","date_gmt":"2024-10-31T13:09:19","guid":{"rendered":"https:\/\/www.arclite-shop.de\/produkt\/02-4058075149489\/"},"modified":"2026-04-18T05:25:14","modified_gmt":"2026-04-18T03:25:14","slug":"02-4058075149489","status":"publish","type":"product","link":"https:\/\/www.arclite-shop.de\/en\/produkt\/02-4058075149489\/","title":{"rendered":"Square recessed luminaire with IP54 protection and high luminous flux, 600 x 600 mm"},"content":{"rendered":"<p>Quadratische Einlege-Leuchte mit IP54 Schutz und hohem Lichtstrom, 600 x 600 mm. Produkteigenschaften: Schutzart: IP54. Lichtstrom: bis zu 4.320 lm. Hohe Lichtausbeute: bis zu 120 lm\/W. Lebensdauer (L80\/B50): bis zu 60.000 h (bei 25 \u00b0C). Aluminiumgeh\u00e4use, PMMA-Diffuser. Produktvorteile: Geeignet f\u00fcr Verwendung in staubigen und feuchten Umgebungen dank hoher Schutzart. Hoher Lichtstrom reduziert die Anzahl der Leuchten pro Installation. Bis zu 50 % Energieersparnis (verglichen mit Leuchten, die Leuchtstofflampen verwenden). Flimmerarmes Licht dank speziellem elektronischen Vorschaltger\u00e4t. 5 Jahre Garantie. Versionen mit DALI-EVG verf\u00fcgbar. Anwendungsgebiete: Direkter Ersatz f\u00fcr Leuchten mit Leuchtstofflampen. Krankenh\u00e4user. Labore. Geeignet f\u00fcr Deckeneinbausysteme mit einem Rasterma\u00df von 600 x 600 mm. K\u00fcchen, Arbeitsbereiche. Technische Ausstattung: Zubeh\u00f6r f\u00fcr verschiedene Einbaum\u00f6glichkeiten erh\u00e4ltlich. Externes Vorschaltger\u00e4t enthalten.<\/p>\n","protected":false},"excerpt":{"rendered":"<p>Quadratische Einlege-Leuchte mit IP54 Schutz und hohem Lichtstrom, 600 x 600 mm. Produkteigenschaften: Schutzart: IP54. Lichtstrom: bis zu 4.320 lm. Hohe Lichtausbeute: bis zu 120 lm\/W. Lebensdauer (L80\/B50): bis zu 60.000 h (bei 25 \u00b0C). Aluminiumgeh\u00e4use, PMMA-Diffuser. Produktvorteile: Geeignet f\u00fcr<span class=\"excerpt-hellip\"> [\u2026]<\/span><\/p>\n","protected":false},"featured_media":367102,"template":"","meta":[],"product_brand":[],"product_cat":[87052],"product_tag":[],"class_list":{"0":"post-349869","1":"product","2":"type-product","3":"status-publish","4":"has-post-thumbnail","6":"product_cat-decken-wandleuchte","8":"first","9":"instock","10":"taxable","11":"shipping-taxable","12":"product-type-simple"},"_links":{"self":[{"href":"https:\/\/www.arclite-shop.de\/en\/wp-json\/wp\/v2\/product\/349869","targetHints":{"allow":["GET"]}}],"collection":[{"href":"https:\/\/www.arclite-shop.de\/en\/wp-json\/wp\/v2\/product"}],"about":[{"href":"https:\/\/www.arclite-shop.de\/en\/wp-json\/wp\/v2\/types\/product"}],"wp:featuredmedia":[{"embeddable":true,"href":"https:\/\/www.arclite-shop.de\/en\/wp-json\/wp\/v2\/media\/367102"}],"wp:attachment":[{"href":"https:\/\/www.arclite-shop.de\/en\/wp-json\/wp\/v2\/media?parent=349869"}],"wp:term":[{"taxonomy":"product_brand","embeddable":true,"href":"https:\/\/www.arclite-shop.de\/en\/wp-json\/wp\/v2\/product_brand?post=349869"},{"taxonomy":"product_cat","embeddable":true,"href":"https:\/\/www.arclite-shop.de\/en\/wp-json\/wp\/v2\/product_cat?post=349869"},{"taxonomy":"product_tag","embeddable":true,"href":"https:\/\/www.arclite-shop.de\/en\/wp-json\/wp\/v2\/product_tag?post=349869"}],"curies":[{"name":"wp","href":"https:\/\/api.w.org\/{rel}","templated":true}]}}