{"id":349861,"date":"2024-10-31T14:09:14","date_gmt":"2024-10-31T13:09:14","guid":{"rendered":"https:\/\/www.arclite-shop.de\/produkt\/02-4058075133303\/"},"modified":"2026-04-18T05:28:55","modified_gmt":"2026-04-18T03:28:55","slug":"02-4058075133303","status":"publish","type":"product","link":"https:\/\/www.arclite-shop.de\/en\/produkt\/02-4058075133303\/","title":{"rendered":"Suspension set for DALI pendant lamp"},"content":{"rendered":"<p>Abh\u00e4ngeset f\u00fcr DALI-H\u00e4ngeleuchte. Produkteigenschaften: Komplettes Abh\u00e4ngeset (Anschlussdose, 2 Steckverbindung, Abh\u00e4ngestahlseile und transparentes Kabel). Schraublose Steckverbindung f\u00fcr eine schnelle und einfache elektrische Verbindung. Anpassbare Stahlseile, maximale L\u00e4nge jeweils: 1.5 m. Anschlussdose in Leuchtenfarbe aus pulverbeschichtetem Stahl, mit schraubenloser Steckklemme. Anschluss mit 5-poliger Doppel-Steckverbindungsklemme. Produktvorteile: Komplettes Abh\u00e4ngeset f\u00fcr einfache und schnelle Montage einer Leuchte. Stahlseill\u00e4nge anpassbar dank Schnellspannerklemme.<\/p>\n","protected":false},"excerpt":{"rendered":"<p>Abh\u00e4ngeset f\u00fcr DALI-H\u00e4ngeleuchte. Produkteigenschaften: Komplettes Abh\u00e4ngeset (Anschlussdose, 2 Steckverbindung, Abh\u00e4ngestahlseile und transparentes Kabel). Schraublose Steckverbindung f\u00fcr eine schnelle und einfache elektrische Verbindung. Anpassbare Stahlseile, maximale L\u00e4nge jeweils: 1.5 m. Anschlussdose in Leuchtenfarbe aus pulverbeschichtetem Stahl, mit schraubenloser Steckklemme. Anschluss mit<span class=\"excerpt-hellip\"> [\u2026]<\/span><\/p>\n","protected":false},"featured_media":284089,"template":"","meta":[],"product_brand":[],"product_cat":[87054],"product_tag":[],"class_list":{"0":"post-349861","1":"product","2":"type-product","3":"status-publish","4":"has-post-thumbnail","6":"product_cat-mechanisches-zubehoer-ersatzteile-fuer-leuchten-ledvance","8":"first","9":"instock","10":"taxable","11":"shipping-taxable","12":"product-type-simple"},"_links":{"self":[{"href":"https:\/\/www.arclite-shop.de\/en\/wp-json\/wp\/v2\/product\/349861","targetHints":{"allow":["GET"]}}],"collection":[{"href":"https:\/\/www.arclite-shop.de\/en\/wp-json\/wp\/v2\/product"}],"about":[{"href":"https:\/\/www.arclite-shop.de\/en\/wp-json\/wp\/v2\/types\/product"}],"wp:featuredmedia":[{"embeddable":true,"href":"https:\/\/www.arclite-shop.de\/en\/wp-json\/wp\/v2\/media\/284089"}],"wp:attachment":[{"href":"https:\/\/www.arclite-shop.de\/en\/wp-json\/wp\/v2\/media?parent=349861"}],"wp:term":[{"taxonomy":"product_brand","embeddable":true,"href":"https:\/\/www.arclite-shop.de\/en\/wp-json\/wp\/v2\/product_brand?post=349861"},{"taxonomy":"product_cat","embeddable":true,"href":"https:\/\/www.arclite-shop.de\/en\/wp-json\/wp\/v2\/product_cat?post=349861"},{"taxonomy":"product_tag","embeddable":true,"href":"https:\/\/www.arclite-shop.de\/en\/wp-json\/wp\/v2\/product_tag?post=349861"}],"curies":[{"name":"wp","href":"https:\/\/api.w.org\/{rel}","templated":true}]}}